{"id":11369,"date":"2023-08-30T14:48:23","date_gmt":"2023-08-30T13:48:23","guid":{"rendered":"https:\/\/baralivres.ma\/?post_type=product&#038;p=11369"},"modified":"2024-11-07T13:49:25","modified_gmt":"2024-11-07T12:49:25","slug":"tounet-a-le-hoquet","status":"publish","type":"product","link":"https:\/\/baralivres.ma\/?product=tounet-a-le-hoquet","title":{"rendered":"Tounet a le hoquet"},"content":{"rendered":"<p>Tounet a le hoquet et ne parvient pas \u00e0 s&rsquo;en d\u00e9barrasser. Ses amis et l&rsquo;\u00e9quipe de secours vont trouver de dr\u00f4les d&rsquo;id\u00e9es pour l&rsquo;aider !<\/p>\n","protected":false},"excerpt":{"rendered":"<p>Tounet a le hoquet et ne parvient pas \u00e0 s&rsquo;en d\u00e9barrasser. Ses amis et l&rsquo;\u00e9quipe de secours vont trouver de dr\u00f4les d&rsquo;id\u00e9es pour l&rsquo;aider !<\/p>\n","protected":false},"featured_media":11370,"comment_status":"open","ping_status":"closed","template":"","meta":{"inline_featured_image":false},"product_cat":[3877,199],"product_tag":[],"class_list":{"0":"post-11369","1":"product","2":"type-product","3":"status-publish","4":"has-post-thumbnail","6":"product_cat-les-histoires-francais","7":"product_cat-histoires","9":"first","10":"instock","11":"shipping-taxable","12":"purchasable","13":"product-type-simple"},"_links":{"self":[{"href":"https:\/\/baralivres.ma\/index.php?rest_route=\/wp\/v2\/product\/11369","targetHints":{"allow":["GET"]}}],"collection":[{"href":"https:\/\/baralivres.ma\/index.php?rest_route=\/wp\/v2\/product"}],"about":[{"href":"https:\/\/baralivres.ma\/index.php?rest_route=\/wp\/v2\/types\/product"}],"replies":[{"embeddable":true,"href":"https:\/\/baralivres.ma\/index.php?rest_route=%2Fwp%2Fv2%2Fcomments&post=11369"}],"version-history":[{"count":1,"href":"https:\/\/baralivres.ma\/index.php?rest_route=\/wp\/v2\/product\/11369\/revisions"}],"predecessor-version":[{"id":11371,"href":"https:\/\/baralivres.ma\/index.php?rest_route=\/wp\/v2\/product\/11369\/revisions\/11371"}],"wp:featuredmedia":[{"embeddable":true,"href":"https:\/\/baralivres.ma\/index.php?rest_route=\/wp\/v2\/media\/11370"}],"wp:attachment":[{"href":"https:\/\/baralivres.ma\/index.php?rest_route=%2Fwp%2Fv2%2Fmedia&parent=11369"}],"wp:term":[{"taxonomy":"product_cat","embeddable":true,"href":"https:\/\/baralivres.ma\/index.php?rest_route=%2Fwp%2Fv2%2Fproduct_cat&post=11369"},{"taxonomy":"product_tag","embeddable":true,"href":"https:\/\/baralivres.ma\/index.php?rest_route=%2Fwp%2Fv2%2Fproduct_tag&post=11369"}],"curies":[{"name":"wp","href":"https:\/\/api.w.org\/{rel}","templated":true}]}}