{"id":11366,"date":"2023-08-30T14:46:18","date_gmt":"2023-08-30T13:46:18","guid":{"rendered":"https:\/\/baralivres.ma\/?post_type=product&#038;p=11366"},"modified":"2024-11-07T13:49:48","modified_gmt":"2024-11-07T12:49:48","slug":"robocar-poli-la-chasse-au-tresor","status":"publish","type":"product","link":"https:\/\/baralivres.ma\/?product=robocar-poli-la-chasse-au-tresor","title":{"rendered":"Robocar Poli &#8211; La chasse au tr\u00e9sor"},"content":{"rendered":"<p>Tounet a mis la main sur un \u00e9trange bout de papier&#8230; une carte au tr\u00e9sor ! Accompagn\u00e9 de Posti, il part \u00e0 l&rsquo;aventure pour tenter de d\u00e9couvrir quel est l&rsquo;incroyable tr\u00e9sor dissimul\u00e9 \u00e0 Vroomville<\/p>\n","protected":false},"excerpt":{"rendered":"<p>Tounet a mis la main sur un \u00e9trange bout de papier&#8230; une carte au tr\u00e9sor ! Accompagn\u00e9 de Posti, il part \u00e0 l&rsquo;aventure pour tenter de d\u00e9couvrir quel est l&rsquo;incroyable tr\u00e9sor dissimul\u00e9 \u00e0 Vroomville<\/p>\n","protected":false},"featured_media":11367,"comment_status":"open","ping_status":"closed","template":"","meta":{"inline_featured_image":false},"product_cat":[3877,199],"product_tag":[],"class_list":{"0":"post-11366","1":"product","2":"type-product","3":"status-publish","4":"has-post-thumbnail","6":"product_cat-les-histoires-francais","7":"product_cat-histoires","9":"first","10":"instock","11":"shipping-taxable","12":"purchasable","13":"product-type-simple"},"_links":{"self":[{"href":"https:\/\/baralivres.ma\/index.php?rest_route=\/wp\/v2\/product\/11366","targetHints":{"allow":["GET"]}}],"collection":[{"href":"https:\/\/baralivres.ma\/index.php?rest_route=\/wp\/v2\/product"}],"about":[{"href":"https:\/\/baralivres.ma\/index.php?rest_route=\/wp\/v2\/types\/product"}],"replies":[{"embeddable":true,"href":"https:\/\/baralivres.ma\/index.php?rest_route=%2Fwp%2Fv2%2Fcomments&post=11366"}],"version-history":[{"count":1,"href":"https:\/\/baralivres.ma\/index.php?rest_route=\/wp\/v2\/product\/11366\/revisions"}],"predecessor-version":[{"id":11368,"href":"https:\/\/baralivres.ma\/index.php?rest_route=\/wp\/v2\/product\/11366\/revisions\/11368"}],"wp:featuredmedia":[{"embeddable":true,"href":"https:\/\/baralivres.ma\/index.php?rest_route=\/wp\/v2\/media\/11367"}],"wp:attachment":[{"href":"https:\/\/baralivres.ma\/index.php?rest_route=%2Fwp%2Fv2%2Fmedia&parent=11366"}],"wp:term":[{"taxonomy":"product_cat","embeddable":true,"href":"https:\/\/baralivres.ma\/index.php?rest_route=%2Fwp%2Fv2%2Fproduct_cat&post=11366"},{"taxonomy":"product_tag","embeddable":true,"href":"https:\/\/baralivres.ma\/index.php?rest_route=%2Fwp%2Fv2%2Fproduct_tag&post=11366"}],"curies":[{"name":"wp","href":"https:\/\/api.w.org\/{rel}","templated":true}]}}