{"id":11363,"date":"2023-08-30T14:44:25","date_gmt":"2023-08-30T13:44:25","guid":{"rendered":"https:\/\/baralivres.ma\/?post_type=product&#038;p=11363"},"modified":"2024-11-07T13:50:14","modified_gmt":"2024-11-07T12:50:14","slug":"le-jeu-de-cache-cache","status":"publish","type":"product","link":"https:\/\/baralivres.ma\/?product=le-jeu-de-cache-cache","title":{"rendered":"Le jeu de cache-cache"},"content":{"rendered":"<p>Marie et Tounet jouent \u00e0 cache-cache, mais Marie s&rsquo;endort dans sa cachette&#8230; qui n&rsquo;est autre qu&rsquo;un tuyau de construction ! Lorsque Poilour vient r\u00e9cup\u00e9rer les tuyaux pour les charger sur un bateau, il emm\u00e8ne Marie avec lui, sans le savoir. Heureusement, l&rsquo;\u00e9quipe de secours est l\u00e0 !<\/p>\n","protected":false},"excerpt":{"rendered":"<p>Marie et Tounet jouent \u00e0 cache-cache, mais Marie s&rsquo;endort dans sa cachette&#8230; qui n&rsquo;est autre qu&rsquo;un tuyau de construction ! Lorsque Poilour vient r\u00e9cup\u00e9rer les tuyaux pour les charger sur un bateau, il emm\u00e8ne Marie avec lui, sans le savoir. Heureusement, l&rsquo;\u00e9quipe de secours est l\u00e0 !<\/p>\n","protected":false},"featured_media":11364,"comment_status":"open","ping_status":"closed","template":"","meta":{"inline_featured_image":false},"product_cat":[3877,199],"product_tag":[],"class_list":{"0":"post-11363","1":"product","2":"type-product","3":"status-publish","4":"has-post-thumbnail","6":"product_cat-les-histoires-francais","7":"product_cat-histoires","9":"first","10":"instock","11":"shipping-taxable","12":"purchasable","13":"product-type-simple"},"_links":{"self":[{"href":"https:\/\/baralivres.ma\/index.php?rest_route=\/wp\/v2\/product\/11363","targetHints":{"allow":["GET"]}}],"collection":[{"href":"https:\/\/baralivres.ma\/index.php?rest_route=\/wp\/v2\/product"}],"about":[{"href":"https:\/\/baralivres.ma\/index.php?rest_route=\/wp\/v2\/types\/product"}],"replies":[{"embeddable":true,"href":"https:\/\/baralivres.ma\/index.php?rest_route=%2Fwp%2Fv2%2Fcomments&post=11363"}],"version-history":[{"count":1,"href":"https:\/\/baralivres.ma\/index.php?rest_route=\/wp\/v2\/product\/11363\/revisions"}],"predecessor-version":[{"id":11365,"href":"https:\/\/baralivres.ma\/index.php?rest_route=\/wp\/v2\/product\/11363\/revisions\/11365"}],"wp:featuredmedia":[{"embeddable":true,"href":"https:\/\/baralivres.ma\/index.php?rest_route=\/wp\/v2\/media\/11364"}],"wp:attachment":[{"href":"https:\/\/baralivres.ma\/index.php?rest_route=%2Fwp%2Fv2%2Fmedia&parent=11363"}],"wp:term":[{"taxonomy":"product_cat","embeddable":true,"href":"https:\/\/baralivres.ma\/index.php?rest_route=%2Fwp%2Fv2%2Fproduct_cat&post=11363"},{"taxonomy":"product_tag","embeddable":true,"href":"https:\/\/baralivres.ma\/index.php?rest_route=%2Fwp%2Fv2%2Fproduct_tag&post=11363"}],"curies":[{"name":"wp","href":"https:\/\/api.w.org\/{rel}","templated":true}]}}