{"id":11349,"date":"2023-08-30T14:36:25","date_gmt":"2023-08-30T13:36:25","guid":{"rendered":"https:\/\/baralivres.ma\/?post_type=product&#038;p=11349"},"modified":"2024-11-18T15:11:04","modified_gmt":"2024-11-18T14:11:04","slug":"la-securite-routiere-a-trottinette","status":"publish","type":"product","link":"https:\/\/baralivres.ma\/?product=la-securite-routiere-a-trottinette","title":{"rendered":"La s\u00e9curit\u00e9 routi\u00e8re \u00e0 trottinette"},"content":{"rendered":"<p>Doogi a une nouvelle paire de rollers ! Kevin, lui, pr\u00e9f\u00e8re la trottinette. Les deux gar\u00e7ons font la course dans la rue, sans avoir conscience du danger&#8230; Une histoire et les conseils de Poli pour apprendre la s\u00e9curit\u00e9 \u00e0 trottinette.<\/p>\n","protected":false},"excerpt":{"rendered":"<p>Doogi a une nouvelle paire de rollers ! Kevin, lui, pr\u00e9f\u00e8re la trottinette. Les deux gar\u00e7ons font la course dans la rue, sans avoir conscience du danger&#8230; Une histoire et les conseils de Poli pour apprendre la s\u00e9curit\u00e9 \u00e0 trottinette.<\/p>\n","protected":false},"featured_media":11350,"comment_status":"open","ping_status":"closed","template":"","meta":{"inline_featured_image":false},"product_cat":[3877,199],"product_tag":[],"class_list":{"0":"post-11349","1":"product","2":"type-product","3":"status-publish","4":"has-post-thumbnail","6":"product_cat-les-histoires-francais","7":"product_cat-histoires","9":"first","10":"instock","11":"shipping-taxable","12":"purchasable","13":"product-type-simple"},"_links":{"self":[{"href":"https:\/\/baralivres.ma\/index.php?rest_route=\/wp\/v2\/product\/11349","targetHints":{"allow":["GET"]}}],"collection":[{"href":"https:\/\/baralivres.ma\/index.php?rest_route=\/wp\/v2\/product"}],"about":[{"href":"https:\/\/baralivres.ma\/index.php?rest_route=\/wp\/v2\/types\/product"}],"replies":[{"embeddable":true,"href":"https:\/\/baralivres.ma\/index.php?rest_route=%2Fwp%2Fv2%2Fcomments&post=11349"}],"version-history":[{"count":2,"href":"https:\/\/baralivres.ma\/index.php?rest_route=\/wp\/v2\/product\/11349\/revisions"}],"predecessor-version":[{"id":11352,"href":"https:\/\/baralivres.ma\/index.php?rest_route=\/wp\/v2\/product\/11349\/revisions\/11352"}],"wp:featuredmedia":[{"embeddable":true,"href":"https:\/\/baralivres.ma\/index.php?rest_route=\/wp\/v2\/media\/11350"}],"wp:attachment":[{"href":"https:\/\/baralivres.ma\/index.php?rest_route=%2Fwp%2Fv2%2Fmedia&parent=11349"}],"wp:term":[{"taxonomy":"product_cat","embeddable":true,"href":"https:\/\/baralivres.ma\/index.php?rest_route=%2Fwp%2Fv2%2Fproduct_cat&post=11349"},{"taxonomy":"product_tag","embeddable":true,"href":"https:\/\/baralivres.ma\/index.php?rest_route=%2Fwp%2Fv2%2Fproduct_tag&post=11349"}],"curies":[{"name":"wp","href":"https:\/\/api.w.org\/{rel}","templated":true}]}}