{"id":11341,"date":"2023-08-30T14:31:52","date_gmt":"2023-08-30T13:31:52","guid":{"rendered":"https:\/\/baralivres.ma\/?post_type=product&#038;p=11341"},"modified":"2024-11-18T15:11:24","modified_gmt":"2024-11-18T14:11:24","slug":"les-aristochats","status":"publish","type":"product","link":"https:\/\/baralivres.ma\/?product=les-aristochats","title":{"rendered":"Les Aristochats"},"content":{"rendered":"<p>Des aventures, de l&rsquo;humour, de la tendresse, des d\u00e9couvertes. De nouvelles histoires \u00e0 lire, mais aussi \u00e0 \u00e9couter ! Retrouve toute la magie des chefs-d&rsquo;oeuvre de Walt Disney \u00e0 travers la c\u00e9l\u00e8bre histoire des Aristochats, Duchesse et ses chatons Marie, Toulouse et Berlioze, de Thomas O&rsquo;Maley et tout leurs amis qui se dressent contre le m\u00e9chant Edgar.<\/p>\n","protected":false},"excerpt":{"rendered":"<p>Des aventures, de l&rsquo;humour, de la tendresse, des d\u00e9couvertes. De nouvelles histoires \u00e0 lire, mais aussi \u00e0 \u00e9couter ! Retrouve toute la magie des chefs-d&rsquo;oeuvre de Walt Disney \u00e0 travers la c\u00e9l\u00e8bre histoire des Aristochats, Duchesse et ses chatons Marie, Toulouse et Berlioze, de Thomas O&rsquo;Maley et tout leurs amis qui se dressent contre le m\u00e9chant Edgar.<\/p>\n","protected":false},"featured_media":11344,"comment_status":"open","ping_status":"closed","template":"","meta":{"inline_featured_image":false},"product_cat":[3877,199],"product_tag":[],"class_list":{"0":"post-11341","1":"product","2":"type-product","3":"status-publish","4":"has-post-thumbnail","6":"product_cat-les-histoires-francais","7":"product_cat-histoires","9":"first","10":"instock","11":"shipping-taxable","12":"purchasable","13":"product-type-simple"},"_links":{"self":[{"href":"https:\/\/baralivres.ma\/index.php?rest_route=\/wp\/v2\/product\/11341","targetHints":{"allow":["GET"]}}],"collection":[{"href":"https:\/\/baralivres.ma\/index.php?rest_route=\/wp\/v2\/product"}],"about":[{"href":"https:\/\/baralivres.ma\/index.php?rest_route=\/wp\/v2\/types\/product"}],"replies":[{"embeddable":true,"href":"https:\/\/baralivres.ma\/index.php?rest_route=%2Fwp%2Fv2%2Fcomments&post=11341"}],"version-history":[{"count":1,"href":"https:\/\/baralivres.ma\/index.php?rest_route=\/wp\/v2\/product\/11341\/revisions"}],"predecessor-version":[{"id":11345,"href":"https:\/\/baralivres.ma\/index.php?rest_route=\/wp\/v2\/product\/11341\/revisions\/11345"}],"wp:featuredmedia":[{"embeddable":true,"href":"https:\/\/baralivres.ma\/index.php?rest_route=\/wp\/v2\/media\/11344"}],"wp:attachment":[{"href":"https:\/\/baralivres.ma\/index.php?rest_route=%2Fwp%2Fv2%2Fmedia&parent=11341"}],"wp:term":[{"taxonomy":"product_cat","embeddable":true,"href":"https:\/\/baralivres.ma\/index.php?rest_route=%2Fwp%2Fv2%2Fproduct_cat&post=11341"},{"taxonomy":"product_tag","embeddable":true,"href":"https:\/\/baralivres.ma\/index.php?rest_route=%2Fwp%2Fv2%2Fproduct_tag&post=11341"}],"curies":[{"name":"wp","href":"https:\/\/api.w.org\/{rel}","templated":true}]}}