{"id":11332,"date":"2023-08-30T14:27:54","date_gmt":"2023-08-30T13:27:54","guid":{"rendered":"https:\/\/baralivres.ma\/?post_type=product&#038;p=11332"},"modified":"2024-10-29T14:21:36","modified_gmt":"2024-10-29T13:21:36","slug":"le-corps","status":"publish","type":"product","link":"https:\/\/baralivres.ma\/?product=le-corps","title":{"rendered":"Le corps"},"content":{"rendered":"<p>Gr\u00e2ce \u00e0 ce volume de La petite encyclop\u00e9die, les plus jeunes d\u00e9couvriront comment ils grandissent, bougent ou rient, et apprendront \u00e0 mieux conna\u00eetre leur cinq sens, leurs \u00e9motions et leur propre personne tout enti\u00e8re.<\/p>\n","protected":false},"excerpt":{"rendered":"<p>Gr\u00e2ce \u00e0 ce volume de La petite encyclop\u00e9die, les plus jeunes d\u00e9couvriront comment ils grandissent, bougent ou rient, et apprendront \u00e0 mieux conna\u00eetre leur cinq sens, leurs \u00e9motions et leur propre personne tout enti\u00e8re.<\/p>\n","protected":false},"featured_media":11333,"comment_status":"open","ping_status":"closed","template":"","meta":{"inline_featured_image":false},"product_cat":[3898,3706,202],"product_tag":[],"class_list":{"0":"post-11332","1":"product","2":"type-product","3":"status-publish","4":"has-post-thumbnail","6":"product_cat-encyclopedie_francais","7":"product_cat-encyclopedie-2","8":"product_cat-la-petite-encyclopedie","10":"first","11":"instock","12":"shipping-taxable","13":"purchasable","14":"product-type-simple"},"_links":{"self":[{"href":"https:\/\/baralivres.ma\/index.php?rest_route=\/wp\/v2\/product\/11332","targetHints":{"allow":["GET"]}}],"collection":[{"href":"https:\/\/baralivres.ma\/index.php?rest_route=\/wp\/v2\/product"}],"about":[{"href":"https:\/\/baralivres.ma\/index.php?rest_route=\/wp\/v2\/types\/product"}],"replies":[{"embeddable":true,"href":"https:\/\/baralivres.ma\/index.php?rest_route=%2Fwp%2Fv2%2Fcomments&post=11332"}],"version-history":[{"count":1,"href":"https:\/\/baralivres.ma\/index.php?rest_route=\/wp\/v2\/product\/11332\/revisions"}],"predecessor-version":[{"id":11336,"href":"https:\/\/baralivres.ma\/index.php?rest_route=\/wp\/v2\/product\/11332\/revisions\/11336"}],"wp:featuredmedia":[{"embeddable":true,"href":"https:\/\/baralivres.ma\/index.php?rest_route=\/wp\/v2\/media\/11333"}],"wp:attachment":[{"href":"https:\/\/baralivres.ma\/index.php?rest_route=%2Fwp%2Fv2%2Fmedia&parent=11332"}],"wp:term":[{"taxonomy":"product_cat","embeddable":true,"href":"https:\/\/baralivres.ma\/index.php?rest_route=%2Fwp%2Fv2%2Fproduct_cat&post=11332"},{"taxonomy":"product_tag","embeddable":true,"href":"https:\/\/baralivres.ma\/index.php?rest_route=%2Fwp%2Fv2%2Fproduct_tag&post=11332"}],"curies":[{"name":"wp","href":"https:\/\/api.w.org\/{rel}","templated":true}]}}