{"id":11331,"date":"2023-08-30T14:27:16","date_gmt":"2023-08-30T13:27:16","guid":{"rendered":"https:\/\/baralivres.ma\/?post_type=product&#038;p=11331"},"modified":"2024-11-18T15:12:11","modified_gmt":"2024-11-18T14:12:11","slug":"hansel-et-gretel","status":"publish","type":"product","link":"https:\/\/baralivres.ma\/?product=hansel-et-gretel","title":{"rendered":"Hansel et Gretel"},"content":{"rendered":"<p>\u00ab\u00a0Il \u00e9tait une fois deux orphelins pr\u00e9nomm\u00e9s Hansel et Gretel. Le b\u00fbcheron et sa femme, qui les avaient recueillis, \u00e9taient si pauvres qu&rsquo;ils durent les abandonner dans la for\u00eat&#8230;\u00a0\u00bb Des illustrations amusantes et color\u00e9es pour d\u00e9couvrir les contes classiques. Des textes simples et courts pour favoriser les premiers pas des jeunes lecteurs.<\/p>\n","protected":false},"excerpt":{"rendered":"<p>\u00ab\u00a0Il \u00e9tait une fois deux orphelins pr\u00e9nomm\u00e9s Hansel et Gretel. Le b\u00fbcheron et sa femme, qui les avaient recueillis, \u00e9taient si pauvres qu&rsquo;ils durent les abandonner dans la for\u00eat&#8230;\u00a0\u00bb Des illustrations amusantes et color\u00e9es pour d\u00e9couvrir les contes classiques. Des textes simples et courts pour favoriser les premiers pas des jeunes lecteurs.<\/p>\n","protected":false},"featured_media":11334,"comment_status":"open","ping_status":"closed","template":"","meta":{"inline_featured_image":false},"product_cat":[3877,199],"product_tag":[],"class_list":{"0":"post-11331","1":"product","2":"type-product","3":"status-publish","4":"has-post-thumbnail","6":"product_cat-les-histoires-francais","7":"product_cat-histoires","9":"first","10":"instock","11":"shipping-taxable","12":"purchasable","13":"product-type-simple"},"_links":{"self":[{"href":"https:\/\/baralivres.ma\/index.php?rest_route=\/wp\/v2\/product\/11331","targetHints":{"allow":["GET"]}}],"collection":[{"href":"https:\/\/baralivres.ma\/index.php?rest_route=\/wp\/v2\/product"}],"about":[{"href":"https:\/\/baralivres.ma\/index.php?rest_route=\/wp\/v2\/types\/product"}],"replies":[{"embeddable":true,"href":"https:\/\/baralivres.ma\/index.php?rest_route=%2Fwp%2Fv2%2Fcomments&post=11331"}],"version-history":[{"count":1,"href":"https:\/\/baralivres.ma\/index.php?rest_route=\/wp\/v2\/product\/11331\/revisions"}],"predecessor-version":[{"id":11335,"href":"https:\/\/baralivres.ma\/index.php?rest_route=\/wp\/v2\/product\/11331\/revisions\/11335"}],"wp:featuredmedia":[{"embeddable":true,"href":"https:\/\/baralivres.ma\/index.php?rest_route=\/wp\/v2\/media\/11334"}],"wp:attachment":[{"href":"https:\/\/baralivres.ma\/index.php?rest_route=%2Fwp%2Fv2%2Fmedia&parent=11331"}],"wp:term":[{"taxonomy":"product_cat","embeddable":true,"href":"https:\/\/baralivres.ma\/index.php?rest_route=%2Fwp%2Fv2%2Fproduct_cat&post=11331"},{"taxonomy":"product_tag","embeddable":true,"href":"https:\/\/baralivres.ma\/index.php?rest_route=%2Fwp%2Fv2%2Fproduct_tag&post=11331"}],"curies":[{"name":"wp","href":"https:\/\/api.w.org\/{rel}","templated":true}]}}