{"id":11322,"date":"2023-08-30T14:21:36","date_gmt":"2023-08-30T13:21:36","guid":{"rendered":"https:\/\/baralivres.ma\/?post_type=product&#038;p=11322"},"modified":"2024-11-18T15:12:48","modified_gmt":"2024-11-18T14:12:48","slug":"la-belle-et-la-bete-5","status":"publish","type":"product","link":"https:\/\/baralivres.ma\/?product=la-belle-et-la-bete-5","title":{"rendered":"La Belle et la B\u00eate"},"content":{"rendered":"<p>\u00ab\u00a0Il \u00e9tait une fois un prince tr\u00e8s tr\u00e8s beau, mais \u00e9go\u00efste et vaniteux. Un jour une sorci\u00e8re le transforma en une b\u00eate monstrueuse&#8230;\u00a0\u00bb Des illustrations amusantes et color\u00e9es pour d\u00e9couvrir les contes classiques. Des textes simples et courts pour favoriser les premiers pas des jeunes lecteurs.<\/p>\n","protected":false},"excerpt":{"rendered":"<p>\u00ab\u00a0Il \u00e9tait une fois un prince tr\u00e8s tr\u00e8s beau, mais \u00e9go\u00efste et vaniteux. Un jour une sorci\u00e8re le transforma en une b\u00eate monstrueuse&#8230;\u00a0\u00bb Des illustrations amusantes et color\u00e9es pour d\u00e9couvrir les contes classiques. Des textes simples et courts pour favoriser les premiers pas des jeunes lecteurs.<\/p>\n","protected":false},"featured_media":11324,"comment_status":"open","ping_status":"closed","template":"","meta":{"inline_featured_image":false},"product_cat":[3877,199],"product_tag":[],"class_list":{"0":"post-11322","1":"product","2":"type-product","3":"status-publish","4":"has-post-thumbnail","6":"product_cat-les-histoires-francais","7":"product_cat-histoires","9":"first","10":"instock","11":"shipping-taxable","12":"purchasable","13":"product-type-simple"},"_links":{"self":[{"href":"https:\/\/baralivres.ma\/index.php?rest_route=\/wp\/v2\/product\/11322","targetHints":{"allow":["GET"]}}],"collection":[{"href":"https:\/\/baralivres.ma\/index.php?rest_route=\/wp\/v2\/product"}],"about":[{"href":"https:\/\/baralivres.ma\/index.php?rest_route=\/wp\/v2\/types\/product"}],"replies":[{"embeddable":true,"href":"https:\/\/baralivres.ma\/index.php?rest_route=%2Fwp%2Fv2%2Fcomments&post=11322"}],"version-history":[{"count":1,"href":"https:\/\/baralivres.ma\/index.php?rest_route=\/wp\/v2\/product\/11322\/revisions"}],"predecessor-version":[{"id":11325,"href":"https:\/\/baralivres.ma\/index.php?rest_route=\/wp\/v2\/product\/11322\/revisions\/11325"}],"wp:featuredmedia":[{"embeddable":true,"href":"https:\/\/baralivres.ma\/index.php?rest_route=\/wp\/v2\/media\/11324"}],"wp:attachment":[{"href":"https:\/\/baralivres.ma\/index.php?rest_route=%2Fwp%2Fv2%2Fmedia&parent=11322"}],"wp:term":[{"taxonomy":"product_cat","embeddable":true,"href":"https:\/\/baralivres.ma\/index.php?rest_route=%2Fwp%2Fv2%2Fproduct_cat&post=11322"},{"taxonomy":"product_tag","embeddable":true,"href":"https:\/\/baralivres.ma\/index.php?rest_route=%2Fwp%2Fv2%2Fproduct_tag&post=11322"}],"curies":[{"name":"wp","href":"https:\/\/api.w.org\/{rel}","templated":true}]}}