{"id":11319,"date":"2023-08-30T14:20:19","date_gmt":"2023-08-30T13:20:19","guid":{"rendered":"https:\/\/baralivres.ma\/?post_type=product&#038;p=11319"},"modified":"2024-10-29T14:22:16","modified_gmt":"2024-10-29T13:22:16","slug":"je-vais-a-lecole","status":"publish","type":"product","link":"https:\/\/baralivres.ma\/?product=je-vais-a-lecole","title":{"rendered":"Je vais \u00e0 l&rsquo;\u00e9cole !"},"content":{"rendered":"<p>Entrer \u00e0 l&rsquo;\u00e9cole, c&rsquo;est le signe qu&rsquo;on est devenu grand&#8230; Ce volume de la petite Encyclop\u00e9die fera d\u00e9couvrir aux petits le monde passionnant de l&rsquo;\u00e9cole\u00a0:\u00a0les lieux, le rythme de la journ\u00e9e, les apprentissages, les amis&#8230; Avec la magie des pages transparentes de \u00ab\u00a0Mes premi\u00e8res D\u00e9couvertes\u00a0\u00bb.<\/p>\n","protected":false},"excerpt":{"rendered":"<p>Entrer \u00e0 l&rsquo;\u00e9cole, c&rsquo;est le signe qu&rsquo;on est devenu grand&#8230; Ce volume de la petite Encyclop\u00e9die fera d\u00e9couvrir aux petits le monde passionnant de l&rsquo;\u00e9cole ..<\/p>\n","protected":false},"featured_media":11343,"comment_status":"open","ping_status":"closed","template":"","meta":{"inline_featured_image":false},"product_cat":[3898,3706,202],"product_tag":[],"class_list":{"0":"post-11319","1":"product","2":"type-product","3":"status-publish","4":"has-post-thumbnail","6":"product_cat-encyclopedie_francais","7":"product_cat-encyclopedie-2","8":"product_cat-la-petite-encyclopedie","10":"first","11":"instock","12":"shipping-taxable","13":"purchasable","14":"product-type-simple"},"_links":{"self":[{"href":"https:\/\/baralivres.ma\/index.php?rest_route=\/wp\/v2\/product\/11319","targetHints":{"allow":["GET"]}}],"collection":[{"href":"https:\/\/baralivres.ma\/index.php?rest_route=\/wp\/v2\/product"}],"about":[{"href":"https:\/\/baralivres.ma\/index.php?rest_route=\/wp\/v2\/types\/product"}],"replies":[{"embeddable":true,"href":"https:\/\/baralivres.ma\/index.php?rest_route=%2Fwp%2Fv2%2Fcomments&post=11319"}],"version-history":[{"count":1,"href":"https:\/\/baralivres.ma\/index.php?rest_route=\/wp\/v2\/product\/11319\/revisions"}],"predecessor-version":[{"id":11321,"href":"https:\/\/baralivres.ma\/index.php?rest_route=\/wp\/v2\/product\/11319\/revisions\/11321"}],"wp:featuredmedia":[{"embeddable":true,"href":"https:\/\/baralivres.ma\/index.php?rest_route=\/wp\/v2\/media\/11343"}],"wp:attachment":[{"href":"https:\/\/baralivres.ma\/index.php?rest_route=%2Fwp%2Fv2%2Fmedia&parent=11319"}],"wp:term":[{"taxonomy":"product_cat","embeddable":true,"href":"https:\/\/baralivres.ma\/index.php?rest_route=%2Fwp%2Fv2%2Fproduct_cat&post=11319"},{"taxonomy":"product_tag","embeddable":true,"href":"https:\/\/baralivres.ma\/index.php?rest_route=%2Fwp%2Fv2%2Fproduct_tag&post=11319"}],"curies":[{"name":"wp","href":"https:\/\/api.w.org\/{rel}","templated":true}]}}