{"id":11316,"date":"2023-08-30T14:17:50","date_gmt":"2023-08-30T13:17:50","guid":{"rendered":"https:\/\/baralivres.ma\/?post_type=product&#038;p=11316"},"modified":"2024-11-18T15:13:04","modified_gmt":"2024-11-18T14:13:04","slug":"lego-legends-of-chima-gorilles-contre-corbeaux","status":"publish","type":"product","link":"https:\/\/baralivres.ma\/?product=lego-legends-of-chima-gorilles-contre-corbeaux","title":{"rendered":"Lego Legends of Chima &#8211; Gorilles contre corbeaux"},"content":{"rendered":"<p>Depuis mille ans, toutes les tribus animales de Chima vivaient en paix. Elles jouaient et travaillaient ensemble, et construisaient des royaumes dans l&rsquo;harmonie. Tout le monde \u00e9tait ami jusqu&rsquo;\u00e0 ce qu&rsquo;une tribu veuille s&rsquo;approprier tout le pr\u00e9cieux CHI sans le partager&#8230;<\/p>\n","protected":false},"excerpt":{"rendered":"<p>Depuis mille ans, toutes les tribus animales de Chima vivaient en paix. Elles jouaient et travaillaient ensemble, et construisaient des royaumes dans l&rsquo;harmonie. Tout le monde \u00e9tait ami jusqu&rsquo;\u00e0 ce qu&rsquo;une tribu veuille s&rsquo;approprier tout le pr\u00e9cieux CHI sans le partager&#8230;<\/p>\n","protected":false},"featured_media":11317,"comment_status":"open","ping_status":"closed","template":"","meta":{"inline_featured_image":false},"product_cat":[3877,199],"product_tag":[],"class_list":{"0":"post-11316","1":"product","2":"type-product","3":"status-publish","4":"has-post-thumbnail","6":"product_cat-les-histoires-francais","7":"product_cat-histoires","9":"first","10":"instock","11":"shipping-taxable","12":"purchasable","13":"product-type-simple"},"_links":{"self":[{"href":"https:\/\/baralivres.ma\/index.php?rest_route=\/wp\/v2\/product\/11316","targetHints":{"allow":["GET"]}}],"collection":[{"href":"https:\/\/baralivres.ma\/index.php?rest_route=\/wp\/v2\/product"}],"about":[{"href":"https:\/\/baralivres.ma\/index.php?rest_route=\/wp\/v2\/types\/product"}],"replies":[{"embeddable":true,"href":"https:\/\/baralivres.ma\/index.php?rest_route=%2Fwp%2Fv2%2Fcomments&post=11316"}],"version-history":[{"count":1,"href":"https:\/\/baralivres.ma\/index.php?rest_route=\/wp\/v2\/product\/11316\/revisions"}],"predecessor-version":[{"id":11320,"href":"https:\/\/baralivres.ma\/index.php?rest_route=\/wp\/v2\/product\/11316\/revisions\/11320"}],"wp:featuredmedia":[{"embeddable":true,"href":"https:\/\/baralivres.ma\/index.php?rest_route=\/wp\/v2\/media\/11317"}],"wp:attachment":[{"href":"https:\/\/baralivres.ma\/index.php?rest_route=%2Fwp%2Fv2%2Fmedia&parent=11316"}],"wp:term":[{"taxonomy":"product_cat","embeddable":true,"href":"https:\/\/baralivres.ma\/index.php?rest_route=%2Fwp%2Fv2%2Fproduct_cat&post=11316"},{"taxonomy":"product_tag","embeddable":true,"href":"https:\/\/baralivres.ma\/index.php?rest_route=%2Fwp%2Fv2%2Fproduct_tag&post=11316"}],"curies":[{"name":"wp","href":"https:\/\/api.w.org\/{rel}","templated":true}]}}