{"id":11313,"date":"2023-08-30T14:16:56","date_gmt":"2023-08-30T13:16:56","guid":{"rendered":"https:\/\/baralivres.ma\/?post_type=product&#038;p=11313"},"modified":"2024-10-29T14:22:55","modified_gmt":"2024-10-29T13:22:55","slug":"ma-vie-de-tous-les-jours","status":"publish","type":"product","link":"https:\/\/baralivres.ma\/?product=ma-vie-de-tous-les-jours","title":{"rendered":"Ma vie de tous les jours"},"content":{"rendered":"<p>Gr\u00e2ce \u00e0 ce volume de La petite encyclop\u00e9die, les plus jeunes exploreront leur univers quotidien et enrichiront leurs premi\u00e8res connaissances.<\/p>\n","protected":false},"excerpt":{"rendered":"<p>Gr\u00e2ce \u00e0 ce volume de La petite encyclop\u00e9die, les plus jeunes exploreront leur univers quotidien et enrichiront leurs premi\u00e8res connaissances.<\/p>\n","protected":false},"featured_media":11315,"comment_status":"open","ping_status":"closed","template":"","meta":{"inline_featured_image":false},"product_cat":[3898,3706,202],"product_tag":[],"class_list":{"0":"post-11313","1":"product","2":"type-product","3":"status-publish","4":"has-post-thumbnail","6":"product_cat-encyclopedie_francais","7":"product_cat-encyclopedie-2","8":"product_cat-la-petite-encyclopedie","10":"first","11":"instock","12":"shipping-taxable","13":"purchasable","14":"product-type-simple"},"_links":{"self":[{"href":"https:\/\/baralivres.ma\/index.php?rest_route=\/wp\/v2\/product\/11313","targetHints":{"allow":["GET"]}}],"collection":[{"href":"https:\/\/baralivres.ma\/index.php?rest_route=\/wp\/v2\/product"}],"about":[{"href":"https:\/\/baralivres.ma\/index.php?rest_route=\/wp\/v2\/types\/product"}],"replies":[{"embeddable":true,"href":"https:\/\/baralivres.ma\/index.php?rest_route=%2Fwp%2Fv2%2Fcomments&post=11313"}],"version-history":[{"count":1,"href":"https:\/\/baralivres.ma\/index.php?rest_route=\/wp\/v2\/product\/11313\/revisions"}],"predecessor-version":[{"id":11318,"href":"https:\/\/baralivres.ma\/index.php?rest_route=\/wp\/v2\/product\/11313\/revisions\/11318"}],"wp:featuredmedia":[{"embeddable":true,"href":"https:\/\/baralivres.ma\/index.php?rest_route=\/wp\/v2\/media\/11315"}],"wp:attachment":[{"href":"https:\/\/baralivres.ma\/index.php?rest_route=%2Fwp%2Fv2%2Fmedia&parent=11313"}],"wp:term":[{"taxonomy":"product_cat","embeddable":true,"href":"https:\/\/baralivres.ma\/index.php?rest_route=%2Fwp%2Fv2%2Fproduct_cat&post=11313"},{"taxonomy":"product_tag","embeddable":true,"href":"https:\/\/baralivres.ma\/index.php?rest_route=%2Fwp%2Fv2%2Fproduct_tag&post=11313"}],"curies":[{"name":"wp","href":"https:\/\/api.w.org\/{rel}","templated":true}]}}