{"id":11306,"date":"2023-08-30T14:14:27","date_gmt":"2023-08-30T13:14:27","guid":{"rendered":"https:\/\/baralivres.ma\/?post_type=product&#038;p=11306"},"modified":"2024-10-29T14:23:24","modified_gmt":"2024-10-29T13:23:24","slug":"les-contraires","status":"publish","type":"product","link":"https:\/\/baralivres.ma\/?product=les-contraires","title":{"rendered":"Les contraires"},"content":{"rendered":"<p>Gr\u00e2ce \u00e0 ce volume de La petite encyclop\u00e9die, les plus jeunes apprendront en s&rsquo;amusant les notions de diff\u00e9rence et de contraires, et enrichiront leurs premi\u00e8res connaissances de la nature et des animaux. La magie des pages transparentes ; Une imagerie abondante \u00e0 reconna\u00eetre et \u00e0 nommer ; Des grandes images \u00e9vocatrices et pleines de d\u00e9tails.<\/p>\n","protected":false},"excerpt":{"rendered":"<p>Gr\u00e2ce \u00e0 ce volume de La petite encyclop\u00e9die, les plus jeunes apprendront en s&rsquo;amusant les notions de diff\u00e9rence et de contraires, et enrichiront leurs premi\u00e8res connaissances de la nature et des animaux.<\/p>\n","protected":false},"featured_media":11308,"comment_status":"open","ping_status":"closed","template":"","meta":{"inline_featured_image":false},"product_cat":[3898,3706,202],"product_tag":[],"class_list":{"0":"post-11306","1":"product","2":"type-product","3":"status-publish","4":"has-post-thumbnail","6":"product_cat-encyclopedie_francais","7":"product_cat-encyclopedie-2","8":"product_cat-la-petite-encyclopedie","10":"first","11":"instock","12":"shipping-taxable","13":"purchasable","14":"product-type-simple"},"_links":{"self":[{"href":"https:\/\/baralivres.ma\/index.php?rest_route=\/wp\/v2\/product\/11306","targetHints":{"allow":["GET"]}}],"collection":[{"href":"https:\/\/baralivres.ma\/index.php?rest_route=\/wp\/v2\/product"}],"about":[{"href":"https:\/\/baralivres.ma\/index.php?rest_route=\/wp\/v2\/types\/product"}],"replies":[{"embeddable":true,"href":"https:\/\/baralivres.ma\/index.php?rest_route=%2Fwp%2Fv2%2Fcomments&post=11306"}],"version-history":[{"count":1,"href":"https:\/\/baralivres.ma\/index.php?rest_route=\/wp\/v2\/product\/11306\/revisions"}],"predecessor-version":[{"id":11309,"href":"https:\/\/baralivres.ma\/index.php?rest_route=\/wp\/v2\/product\/11306\/revisions\/11309"}],"wp:featuredmedia":[{"embeddable":true,"href":"https:\/\/baralivres.ma\/index.php?rest_route=\/wp\/v2\/media\/11308"}],"wp:attachment":[{"href":"https:\/\/baralivres.ma\/index.php?rest_route=%2Fwp%2Fv2%2Fmedia&parent=11306"}],"wp:term":[{"taxonomy":"product_cat","embeddable":true,"href":"https:\/\/baralivres.ma\/index.php?rest_route=%2Fwp%2Fv2%2Fproduct_cat&post=11306"},{"taxonomy":"product_tag","embeddable":true,"href":"https:\/\/baralivres.ma\/index.php?rest_route=%2Fwp%2Fv2%2Fproduct_tag&post=11306"}],"curies":[{"name":"wp","href":"https:\/\/api.w.org\/{rel}","templated":true}]}}