{"id":11304,"date":"2023-08-30T14:13:43","date_gmt":"2023-08-30T13:13:43","guid":{"rendered":"https:\/\/baralivres.ma\/?post_type=product&#038;p=11304"},"modified":"2024-11-18T15:13:37","modified_gmt":"2024-11-18T14:13:37","slug":"zak-storm-super-pirate-le-guide-officiel","status":"publish","type":"product","link":"https:\/\/baralivres.ma\/?product=zak-storm-super-pirate-le-guide-officiel","title":{"rendered":"Zak Storm super pirate &#8211; Le guide officiel"},"content":{"rendered":"<p>Connais-tu l&rsquo;expression favorite de Cece ? Sais-tu que seuls les esprits peuvent s\u00e9journer sur Zite, la mer des \u00e9toiles ? Embarque a bord du Chaos pour naviguer sur les Sept mers et d\u00e9couvre tous les secrets de son \u00e9quipage. Revis leurs plus grandes aventures et prends garde au terrible Skullivar ! Tu es pr\u00eat \u00e0 percer tous les myst\u00e8res de l&rsquo;univers des 7C ? Alors en route, moussaillon !<\/p>\n","protected":false},"excerpt":{"rendered":"<p>Connais-tu l&rsquo;expression favorite de Cece ? Sais-tu que seuls les esprits peuvent s\u00e9journer sur Zite, la mer des \u00e9toiles ? Embarque a bord du Chaos pour naviguer sur les Sept mers et d\u00e9couvre tous les secrets de son \u00e9quipage. Revis leurs plus grandes aventures et prends garde au terrible Skullivar ! Tu es pr\u00eat \u00e0 percer tous les myst\u00e8res de l&rsquo;univers des 7C ? Alors en route, moussaillon !<\/p>\n","protected":false},"featured_media":11305,"comment_status":"open","ping_status":"closed","template":"","meta":{"inline_featured_image":false},"product_cat":[3877,199],"product_tag":[],"class_list":{"0":"post-11304","1":"product","2":"type-product","3":"status-publish","4":"has-post-thumbnail","6":"product_cat-les-histoires-francais","7":"product_cat-histoires","9":"first","10":"instock","11":"shipping-taxable","12":"purchasable","13":"product-type-simple"},"_links":{"self":[{"href":"https:\/\/baralivres.ma\/index.php?rest_route=\/wp\/v2\/product\/11304","targetHints":{"allow":["GET"]}}],"collection":[{"href":"https:\/\/baralivres.ma\/index.php?rest_route=\/wp\/v2\/product"}],"about":[{"href":"https:\/\/baralivres.ma\/index.php?rest_route=\/wp\/v2\/types\/product"}],"replies":[{"embeddable":true,"href":"https:\/\/baralivres.ma\/index.php?rest_route=%2Fwp%2Fv2%2Fcomments&post=11304"}],"version-history":[{"count":1,"href":"https:\/\/baralivres.ma\/index.php?rest_route=\/wp\/v2\/product\/11304\/revisions"}],"predecessor-version":[{"id":11307,"href":"https:\/\/baralivres.ma\/index.php?rest_route=\/wp\/v2\/product\/11304\/revisions\/11307"}],"wp:featuredmedia":[{"embeddable":true,"href":"https:\/\/baralivres.ma\/index.php?rest_route=\/wp\/v2\/media\/11305"}],"wp:attachment":[{"href":"https:\/\/baralivres.ma\/index.php?rest_route=%2Fwp%2Fv2%2Fmedia&parent=11304"}],"wp:term":[{"taxonomy":"product_cat","embeddable":true,"href":"https:\/\/baralivres.ma\/index.php?rest_route=%2Fwp%2Fv2%2Fproduct_cat&post=11304"},{"taxonomy":"product_tag","embeddable":true,"href":"https:\/\/baralivres.ma\/index.php?rest_route=%2Fwp%2Fv2%2Fproduct_tag&post=11304"}],"curies":[{"name":"wp","href":"https:\/\/api.w.org\/{rel}","templated":true}]}}