{"id":11301,"date":"2023-08-30T14:12:28","date_gmt":"2023-08-30T13:12:28","guid":{"rendered":"https:\/\/baralivres.ma\/?post_type=product&#038;p=11301"},"modified":"2024-10-29T14:24:04","modified_gmt":"2024-10-29T13:24:04","slug":"les-bebes-animaux-2","status":"publish","type":"product","link":"https:\/\/baralivres.ma\/?product=les-bebes-animaux-2","title":{"rendered":"Les b\u00e9b\u00e9s animaux"},"content":{"rendered":"<p>Gr\u00e2ce \u00e0 ce volume de La petite encyclop\u00e9die, les plus jeunes d\u00e9couvriront comment naissent et grandissent les petits des animaux, et enrichiront leurs premi\u00e8res connaissances. La magie des pages transparentes ; Une imagerie abondante \u00e0 reconna\u00eetre et \u00e0 nommer ; de grande images \u00e9vocatrices et pleines de d\u00e9tails.<\/p>\n","protected":false},"excerpt":{"rendered":"<p>Gr\u00e2ce \u00e0 ce volume de La petite encyclop\u00e9die, les plus jeunes d\u00e9couvriront comment naissent et grandissent les petits des animaux, et enrichiront leurs premi\u00e8res connaissances.<\/p>\n","protected":false},"featured_media":11302,"comment_status":"open","ping_status":"closed","template":"","meta":{"inline_featured_image":false},"product_cat":[3898,3706,202],"product_tag":[],"class_list":{"0":"post-11301","1":"product","2":"type-product","3":"status-publish","4":"has-post-thumbnail","6":"product_cat-encyclopedie_francais","7":"product_cat-encyclopedie-2","8":"product_cat-la-petite-encyclopedie","10":"first","11":"instock","12":"shipping-taxable","13":"purchasable","14":"product-type-simple"},"_links":{"self":[{"href":"https:\/\/baralivres.ma\/index.php?rest_route=\/wp\/v2\/product\/11301","targetHints":{"allow":["GET"]}}],"collection":[{"href":"https:\/\/baralivres.ma\/index.php?rest_route=\/wp\/v2\/product"}],"about":[{"href":"https:\/\/baralivres.ma\/index.php?rest_route=\/wp\/v2\/types\/product"}],"replies":[{"embeddable":true,"href":"https:\/\/baralivres.ma\/index.php?rest_route=%2Fwp%2Fv2%2Fcomments&post=11301"}],"version-history":[{"count":1,"href":"https:\/\/baralivres.ma\/index.php?rest_route=\/wp\/v2\/product\/11301\/revisions"}],"predecessor-version":[{"id":11303,"href":"https:\/\/baralivres.ma\/index.php?rest_route=\/wp\/v2\/product\/11301\/revisions\/11303"}],"wp:featuredmedia":[{"embeddable":true,"href":"https:\/\/baralivres.ma\/index.php?rest_route=\/wp\/v2\/media\/11302"}],"wp:attachment":[{"href":"https:\/\/baralivres.ma\/index.php?rest_route=%2Fwp%2Fv2%2Fmedia&parent=11301"}],"wp:term":[{"taxonomy":"product_cat","embeddable":true,"href":"https:\/\/baralivres.ma\/index.php?rest_route=%2Fwp%2Fv2%2Fproduct_cat&post=11301"},{"taxonomy":"product_tag","embeddable":true,"href":"https:\/\/baralivres.ma\/index.php?rest_route=%2Fwp%2Fv2%2Fproduct_tag&post=11301"}],"curies":[{"name":"wp","href":"https:\/\/api.w.org\/{rel}","templated":true}]}}