{"id":11296,"date":"2023-08-30T14:07:47","date_gmt":"2023-08-30T13:07:47","guid":{"rendered":"https:\/\/baralivres.ma\/?post_type=product&#038;p=11296"},"modified":"2024-11-18T15:13:54","modified_gmt":"2024-11-18T14:13:54","slug":"les-contes-enchantes-de-mon-enfance","status":"publish","type":"product","link":"https:\/\/baralivres.ma\/?product=les-contes-enchantes-de-mon-enfance","title":{"rendered":"Les contes enchant\u00e9s de mon enfance"},"content":{"rendered":"<p>Un beau recueil qui r\u00e9unit les plus beaux contes de la litt\u00e9rature enfantine de Charles Perrault et Hans Christian Andersen, illustr\u00e9s par Paul Durand : La Belle au bois dormant Peau d&rsquo;\u00e2ne, La berg\u00e8re et le ramoneur, Le Chat bott\u00e9, le Vaillant petit tailleur, Hansel &amp; Gretel, la Petite fille aux allumettes, La Barbe Bleue, Le Vilain petit canard, Les habits neufs de l&#8217;empereur.<\/p>\n","protected":false},"excerpt":{"rendered":"<p>La Belle au bois dormant Peau d&rsquo;\u00e2ne, La berg\u00e8re et le ramoneur, Le Chat bott\u00e9, le Vaillant petit tailleur, Hansel &amp; Gretel, la Petite fille aux allumettes, La Barbe Bleue, Le Vilain petit canard, Les habits neufs de l&#8217;empereur.<\/p>\n","protected":false},"featured_media":11297,"comment_status":"open","ping_status":"closed","template":"","meta":{"inline_featured_image":false},"product_cat":[3877,199],"product_tag":[],"class_list":{"0":"post-11296","1":"product","2":"type-product","3":"status-publish","4":"has-post-thumbnail","6":"product_cat-les-histoires-francais","7":"product_cat-histoires","9":"first","10":"instock","11":"shipping-taxable","12":"purchasable","13":"product-type-simple"},"_links":{"self":[{"href":"https:\/\/baralivres.ma\/index.php?rest_route=\/wp\/v2\/product\/11296","targetHints":{"allow":["GET"]}}],"collection":[{"href":"https:\/\/baralivres.ma\/index.php?rest_route=\/wp\/v2\/product"}],"about":[{"href":"https:\/\/baralivres.ma\/index.php?rest_route=\/wp\/v2\/types\/product"}],"replies":[{"embeddable":true,"href":"https:\/\/baralivres.ma\/index.php?rest_route=%2Fwp%2Fv2%2Fcomments&post=11296"}],"version-history":[{"count":1,"href":"https:\/\/baralivres.ma\/index.php?rest_route=\/wp\/v2\/product\/11296\/revisions"}],"predecessor-version":[{"id":11298,"href":"https:\/\/baralivres.ma\/index.php?rest_route=\/wp\/v2\/product\/11296\/revisions\/11298"}],"wp:featuredmedia":[{"embeddable":true,"href":"https:\/\/baralivres.ma\/index.php?rest_route=\/wp\/v2\/media\/11297"}],"wp:attachment":[{"href":"https:\/\/baralivres.ma\/index.php?rest_route=%2Fwp%2Fv2%2Fmedia&parent=11296"}],"wp:term":[{"taxonomy":"product_cat","embeddable":true,"href":"https:\/\/baralivres.ma\/index.php?rest_route=%2Fwp%2Fv2%2Fproduct_cat&post=11296"},{"taxonomy":"product_tag","embeddable":true,"href":"https:\/\/baralivres.ma\/index.php?rest_route=%2Fwp%2Fv2%2Fproduct_tag&post=11296"}],"curies":[{"name":"wp","href":"https:\/\/api.w.org\/{rel}","templated":true}]}}