{"id":11290,"date":"2023-08-30T14:05:40","date_gmt":"2023-08-30T13:05:40","guid":{"rendered":"https:\/\/baralivres.ma\/?post_type=product&#038;p=11290"},"modified":"2024-11-18T15:14:17","modified_gmt":"2024-11-18T14:14:17","slug":"mon-grand-livre-de-contes","status":"publish","type":"product","link":"https:\/\/baralivres.ma\/?product=mon-grand-livre-de-contes","title":{"rendered":"Mon grand livre de contes"},"content":{"rendered":"<p>24 contes classiques \u00e0 lire ou \u00e0 \u00e9couter sur deux CD. Les contes sont class\u00e9s par temps de lecture, de 5 \u00e0 10 minutes, \u00e0 choisir selon le temps disponible pour l&rsquo;histoire du soir.<\/p>\n","protected":false},"excerpt":{"rendered":"<p>24 contes classiques \u00e0 lire ou \u00e0 \u00e9couter sur deux CD. Les contes sont class\u00e9s par temps de lecture, de 5 \u00e0 10 minutes, \u00e0 choisir selon le temps disponible pour l&rsquo;histoire du soir.<\/p>\n","protected":false},"featured_media":11291,"comment_status":"open","ping_status":"closed","template":"","meta":{"inline_featured_image":false},"product_cat":[3877,199],"product_tag":[],"class_list":{"0":"post-11290","1":"product","2":"type-product","3":"status-publish","4":"has-post-thumbnail","6":"product_cat-les-histoires-francais","7":"product_cat-histoires","9":"first","10":"instock","11":"shipping-taxable","12":"purchasable","13":"product-type-simple"},"_links":{"self":[{"href":"https:\/\/baralivres.ma\/index.php?rest_route=\/wp\/v2\/product\/11290","targetHints":{"allow":["GET"]}}],"collection":[{"href":"https:\/\/baralivres.ma\/index.php?rest_route=\/wp\/v2\/product"}],"about":[{"href":"https:\/\/baralivres.ma\/index.php?rest_route=\/wp\/v2\/types\/product"}],"replies":[{"embeddable":true,"href":"https:\/\/baralivres.ma\/index.php?rest_route=%2Fwp%2Fv2%2Fcomments&post=11290"}],"version-history":[{"count":1,"href":"https:\/\/baralivres.ma\/index.php?rest_route=\/wp\/v2\/product\/11290\/revisions"}],"predecessor-version":[{"id":11295,"href":"https:\/\/baralivres.ma\/index.php?rest_route=\/wp\/v2\/product\/11290\/revisions\/11295"}],"wp:featuredmedia":[{"embeddable":true,"href":"https:\/\/baralivres.ma\/index.php?rest_route=\/wp\/v2\/media\/11291"}],"wp:attachment":[{"href":"https:\/\/baralivres.ma\/index.php?rest_route=%2Fwp%2Fv2%2Fmedia&parent=11290"}],"wp:term":[{"taxonomy":"product_cat","embeddable":true,"href":"https:\/\/baralivres.ma\/index.php?rest_route=%2Fwp%2Fv2%2Fproduct_cat&post=11290"},{"taxonomy":"product_tag","embeddable":true,"href":"https:\/\/baralivres.ma\/index.php?rest_route=%2Fwp%2Fv2%2Fproduct_tag&post=11290"}],"curies":[{"name":"wp","href":"https:\/\/api.w.org\/{rel}","templated":true}]}}