{"id":11287,"date":"2023-08-30T14:04:50","date_gmt":"2023-08-30T13:04:50","guid":{"rendered":"https:\/\/baralivres.ma\/?post_type=product&#038;p=11287"},"modified":"2024-10-29T14:25:41","modified_gmt":"2024-10-29T13:25:41","slug":"la-petite-encyclopedie-des-comment","status":"publish","type":"product","link":"https:\/\/baralivres.ma\/?product=la-petite-encyclopedie-des-comment","title":{"rendered":"La petite encyclop\u00e9die des Comment ?"},"content":{"rendered":"<p>Comment poussent les plantes ? Comment dorment les animaux ? Comment l&rsquo;eau arrive-t-elle au robinet ? Comment fait-on les b\u00e9b\u00e9s ? Comment vole un avion ? Comment combattaient les pirates ? Des r\u00e9ponses courtes, claires et pr\u00e9cises \u00e0 pr\u00e8s de 150 questions des petits sur la nature, le corps, la vie quotidienne, l&rsquo;histoire des hommes. La magie des planches transparentes. Des planches documentaires pour enrichir ses connaissances.<br \/>\nDe belles images r\u00e9alistes \u00e0 reconna\u00eetre et \u00e0 nommer.<\/p>\n","protected":false},"excerpt":{"rendered":"<p>Comment poussent les plantes ? Comment dorment les animaux ? Comment l&rsquo;eau arrive-t-elle au robinet ? Comment fait-on les b\u00e9b\u00e9s ? Comment vole un avion ?<\/p>\n","protected":false},"featured_media":11289,"comment_status":"open","ping_status":"closed","template":"","meta":{"inline_featured_image":false},"product_cat":[3898,3706,202],"product_tag":[],"class_list":{"0":"post-11287","1":"product","2":"type-product","3":"status-publish","4":"has-post-thumbnail","6":"product_cat-encyclopedie_francais","7":"product_cat-encyclopedie-2","8":"product_cat-la-petite-encyclopedie","10":"first","11":"instock","12":"shipping-taxable","13":"purchasable","14":"product-type-simple"},"_links":{"self":[{"href":"https:\/\/baralivres.ma\/index.php?rest_route=\/wp\/v2\/product\/11287","targetHints":{"allow":["GET"]}}],"collection":[{"href":"https:\/\/baralivres.ma\/index.php?rest_route=\/wp\/v2\/product"}],"about":[{"href":"https:\/\/baralivres.ma\/index.php?rest_route=\/wp\/v2\/types\/product"}],"replies":[{"embeddable":true,"href":"https:\/\/baralivres.ma\/index.php?rest_route=%2Fwp%2Fv2%2Fcomments&post=11287"}],"version-history":[{"count":1,"href":"https:\/\/baralivres.ma\/index.php?rest_route=\/wp\/v2\/product\/11287\/revisions"}],"predecessor-version":[{"id":11292,"href":"https:\/\/baralivres.ma\/index.php?rest_route=\/wp\/v2\/product\/11287\/revisions\/11292"}],"wp:featuredmedia":[{"embeddable":true,"href":"https:\/\/baralivres.ma\/index.php?rest_route=\/wp\/v2\/media\/11289"}],"wp:attachment":[{"href":"https:\/\/baralivres.ma\/index.php?rest_route=%2Fwp%2Fv2%2Fmedia&parent=11287"}],"wp:term":[{"taxonomy":"product_cat","embeddable":true,"href":"https:\/\/baralivres.ma\/index.php?rest_route=%2Fwp%2Fv2%2Fproduct_cat&post=11287"},{"taxonomy":"product_tag","embeddable":true,"href":"https:\/\/baralivres.ma\/index.php?rest_route=%2Fwp%2Fv2%2Fproduct_tag&post=11287"}],"curies":[{"name":"wp","href":"https:\/\/api.w.org\/{rel}","templated":true}]}}