{"id":11279,"date":"2023-08-30T14:02:12","date_gmt":"2023-08-30T13:02:12","guid":{"rendered":"https:\/\/baralivres.ma\/?post_type=product&#038;p=11279"},"modified":"2024-10-29T14:26:42","modified_gmt":"2024-10-29T13:26:42","slug":"la-vie-des-animaux","status":"publish","type":"product","link":"https:\/\/baralivres.ma\/?product=la-vie-des-animaux","title":{"rendered":"La vie des animaux"},"content":{"rendered":"<p>Gr\u00e2ce \u00e0 ce volume de la petite encyclop\u00e9die, les plus jeunes d\u00e9couvriront la vie quotidienne des animaux : comment ils se nourrissent, se d\u00e9placent, se multiplient et vivent ensemble. Ainsi, ils enrichiront leurs premi\u00e8res connaissances du monde qui les entoure. La magie des pages transparentes ; une imagerie abondante \u00e0 reconna\u00eetre et \u00e0 nommer ; des grandes images \u00e9vocatrices et pleines de d\u00e9tails.<\/p>\n","protected":false},"excerpt":{"rendered":"<p>Gr\u00e2ce \u00e0 ce volume de la petite encyclop\u00e9die, les plus jeunes d\u00e9couvriront la vie quotidienne des animaux : comment ils se nourrissent, se d\u00e9placent, se multiplient et vivent ensemble.<\/p>\n","protected":false},"featured_media":11281,"comment_status":"open","ping_status":"closed","template":"","meta":{"inline_featured_image":false},"product_cat":[3898,3706,202],"product_tag":[],"class_list":{"0":"post-11279","1":"product","2":"type-product","3":"status-publish","4":"has-post-thumbnail","6":"product_cat-encyclopedie_francais","7":"product_cat-encyclopedie-2","8":"product_cat-la-petite-encyclopedie","10":"first","11":"instock","12":"shipping-taxable","13":"purchasable","14":"product-type-simple"},"_links":{"self":[{"href":"https:\/\/baralivres.ma\/index.php?rest_route=\/wp\/v2\/product\/11279","targetHints":{"allow":["GET"]}}],"collection":[{"href":"https:\/\/baralivres.ma\/index.php?rest_route=\/wp\/v2\/product"}],"about":[{"href":"https:\/\/baralivres.ma\/index.php?rest_route=\/wp\/v2\/types\/product"}],"replies":[{"embeddable":true,"href":"https:\/\/baralivres.ma\/index.php?rest_route=%2Fwp%2Fv2%2Fcomments&post=11279"}],"version-history":[{"count":1,"href":"https:\/\/baralivres.ma\/index.php?rest_route=\/wp\/v2\/product\/11279\/revisions"}],"predecessor-version":[{"id":11284,"href":"https:\/\/baralivres.ma\/index.php?rest_route=\/wp\/v2\/product\/11279\/revisions\/11284"}],"wp:featuredmedia":[{"embeddable":true,"href":"https:\/\/baralivres.ma\/index.php?rest_route=\/wp\/v2\/media\/11281"}],"wp:attachment":[{"href":"https:\/\/baralivres.ma\/index.php?rest_route=%2Fwp%2Fv2%2Fmedia&parent=11279"}],"wp:term":[{"taxonomy":"product_cat","embeddable":true,"href":"https:\/\/baralivres.ma\/index.php?rest_route=%2Fwp%2Fv2%2Fproduct_cat&post=11279"},{"taxonomy":"product_tag","embeddable":true,"href":"https:\/\/baralivres.ma\/index.php?rest_route=%2Fwp%2Fv2%2Fproduct_tag&post=11279"}],"curies":[{"name":"wp","href":"https:\/\/api.w.org\/{rel}","templated":true}]}}