{"id":11267,"date":"2023-08-30T13:57:41","date_gmt":"2023-08-30T12:57:41","guid":{"rendered":"https:\/\/baralivres.ma\/?post_type=product&#038;p=11267"},"modified":"2024-11-18T15:34:39","modified_gmt":"2024-11-18T14:34:39","slug":"heros-et-aventures","status":"publish","type":"product","link":"https:\/\/baralivres.ma\/?product=heros-et-aventures","title":{"rendered":"H\u00e9ros et Aventures"},"content":{"rendered":"<p>Retrouve toute la magie de Disney et Pixar avec tes h\u00e9ros pr\u00e9f\u00e9r\u00e9s ! Rejoins Coco, Mowgli, Simba, Pinocchio, Vaiana, Olaf, N\u00e9mo et tant d&rsquo;autres personnages \u00e0 travers 52 histoires joliment illustr\u00e9es.<\/p>\n","protected":false},"excerpt":{"rendered":"<p>Retrouve toute la magie de Disney et Pixar avec tes h\u00e9ros pr\u00e9f\u00e9r\u00e9s ! Rejoins Coco, Mowgli, Simba, Pinocchio, Vaiana, Olaf, N\u00e9mo<\/p>\n","protected":false},"featured_media":11269,"comment_status":"open","ping_status":"closed","template":"","meta":{"inline_featured_image":false},"product_cat":[3877,199],"product_tag":[],"class_list":{"0":"post-11267","1":"product","2":"type-product","3":"status-publish","4":"has-post-thumbnail","6":"product_cat-les-histoires-francais","7":"product_cat-histoires","9":"first","10":"instock","11":"shipping-taxable","12":"purchasable","13":"product-type-simple"},"_links":{"self":[{"href":"https:\/\/baralivres.ma\/index.php?rest_route=\/wp\/v2\/product\/11267","targetHints":{"allow":["GET"]}}],"collection":[{"href":"https:\/\/baralivres.ma\/index.php?rest_route=\/wp\/v2\/product"}],"about":[{"href":"https:\/\/baralivres.ma\/index.php?rest_route=\/wp\/v2\/types\/product"}],"replies":[{"embeddable":true,"href":"https:\/\/baralivres.ma\/index.php?rest_route=%2Fwp%2Fv2%2Fcomments&post=11267"}],"version-history":[{"count":1,"href":"https:\/\/baralivres.ma\/index.php?rest_route=\/wp\/v2\/product\/11267\/revisions"}],"predecessor-version":[{"id":11272,"href":"https:\/\/baralivres.ma\/index.php?rest_route=\/wp\/v2\/product\/11267\/revisions\/11272"}],"wp:featuredmedia":[{"embeddable":true,"href":"https:\/\/baralivres.ma\/index.php?rest_route=\/wp\/v2\/media\/11269"}],"wp:attachment":[{"href":"https:\/\/baralivres.ma\/index.php?rest_route=%2Fwp%2Fv2%2Fmedia&parent=11267"}],"wp:term":[{"taxonomy":"product_cat","embeddable":true,"href":"https:\/\/baralivres.ma\/index.php?rest_route=%2Fwp%2Fv2%2Fproduct_cat&post=11267"},{"taxonomy":"product_tag","embeddable":true,"href":"https:\/\/baralivres.ma\/index.php?rest_route=%2Fwp%2Fv2%2Fproduct_tag&post=11267"}],"curies":[{"name":"wp","href":"https:\/\/api.w.org\/{rel}","templated":true}]}}