{"id":11264,"date":"2023-08-30T13:56:53","date_gmt":"2023-08-30T12:56:53","guid":{"rendered":"https:\/\/baralivres.ma\/?post_type=product&#038;p=11264"},"modified":"2024-10-29T14:27:53","modified_gmt":"2024-10-29T13:27:53","slug":"chevaux-et-poneys","status":"publish","type":"product","link":"https:\/\/baralivres.ma\/?product=chevaux-et-poneys","title":{"rendered":"Chevaux et poneys"},"content":{"rendered":"<p>La naissance du poulain, le langage du cheval, sa nourriture, prendre soin de son poney, les chevaux dans l&rsquo;histoire, et les \u00e2nes\u2026 Gr\u00e2ce \u00e0 cette petite encyclop\u00e9die, le cavalier en herbe d\u00e9couvre tous les aspects de l&rsquo;animal qui le passionne et le fait r\u00eaver.<\/p>\n","protected":false},"excerpt":{"rendered":"<p>La naissance du poulain, le langage du cheval, sa nourriture, prendre soin de son poney, les chevaux dans l&rsquo;histoire, et les \u00e2nes\u2026<\/p>\n","protected":false},"featured_media":11268,"comment_status":"open","ping_status":"closed","template":"","meta":{"inline_featured_image":false},"product_cat":[3898,3706,202],"product_tag":[],"class_list":{"0":"post-11264","1":"product","2":"type-product","3":"status-publish","4":"has-post-thumbnail","6":"product_cat-encyclopedie_francais","7":"product_cat-encyclopedie-2","8":"product_cat-la-petite-encyclopedie","10":"first","11":"instock","12":"shipping-taxable","13":"purchasable","14":"product-type-simple"},"_links":{"self":[{"href":"https:\/\/baralivres.ma\/index.php?rest_route=\/wp\/v2\/product\/11264","targetHints":{"allow":["GET"]}}],"collection":[{"href":"https:\/\/baralivres.ma\/index.php?rest_route=\/wp\/v2\/product"}],"about":[{"href":"https:\/\/baralivres.ma\/index.php?rest_route=\/wp\/v2\/types\/product"}],"replies":[{"embeddable":true,"href":"https:\/\/baralivres.ma\/index.php?rest_route=%2Fwp%2Fv2%2Fcomments&post=11264"}],"version-history":[{"count":1,"href":"https:\/\/baralivres.ma\/index.php?rest_route=\/wp\/v2\/product\/11264\/revisions"}],"predecessor-version":[{"id":11270,"href":"https:\/\/baralivres.ma\/index.php?rest_route=\/wp\/v2\/product\/11264\/revisions\/11270"}],"wp:featuredmedia":[{"embeddable":true,"href":"https:\/\/baralivres.ma\/index.php?rest_route=\/wp\/v2\/media\/11268"}],"wp:attachment":[{"href":"https:\/\/baralivres.ma\/index.php?rest_route=%2Fwp%2Fv2%2Fmedia&parent=11264"}],"wp:term":[{"taxonomy":"product_cat","embeddable":true,"href":"https:\/\/baralivres.ma\/index.php?rest_route=%2Fwp%2Fv2%2Fproduct_cat&post=11264"},{"taxonomy":"product_tag","embeddable":true,"href":"https:\/\/baralivres.ma\/index.php?rest_route=%2Fwp%2Fv2%2Fproduct_tag&post=11264"}],"curies":[{"name":"wp","href":"https:\/\/api.w.org\/{rel}","templated":true}]}}