{"id":11263,"date":"2023-08-30T13:55:59","date_gmt":"2023-08-30T12:55:59","guid":{"rendered":"https:\/\/baralivres.ma\/?post_type=product&#038;p=11263"},"modified":"2024-11-18T15:34:58","modified_gmt":"2024-11-18T14:34:58","slug":"pour-les-petits-aventuriers","status":"publish","type":"product","link":"https:\/\/baralivres.ma\/?product=pour-les-petits-aventuriers","title":{"rendered":"Pour les petits aventuriers"},"content":{"rendered":"<p>Le plaisir de la lecture pendant le week-end en compagnie des Petits aventuriers ! Un recueil de 52 histoires pour d\u00e9couvrir ou revivre les plus belles aventures des Petits aventuriers Disney et profiter d&rsquo;un moment de lecture \u00ab\u00a0plaisir\u00a0\u00bb . Dans ce recueil d&rsquo;histoires faciles \u00e0 lire et joliment illustr\u00e9, l&rsquo;enfant peut plonger dans le monde de ses personnages pr\u00e9f\u00e9r\u00e9s en ayant une lecture autonomie ou accompagn\u00e9 d&rsquo;un parent pour un moment de partage privil\u00e9gi\u00e9.<\/p>\n","protected":false},"excerpt":{"rendered":"<p>Le plaisir de la lecture pendant le week-end en compagnie des Petits aventuriers ! Un recueil de 52 histoires pour d\u00e9couvrir ou revivre les plus belles aventures des Petits aventuriers Disney et profiter d&rsquo;un moment de lecture \u00ab\u00a0plaisir\u00a0\u00bb . Dans ce recueil d&rsquo;histoires faciles \u00e0 lire et joliment illustr\u00e9, l&rsquo;enfant peut plonger dans le monde de ses personnages pr\u00e9f\u00e9r\u00e9s en ayant une lecture autonomie ou accompagn\u00e9 d&rsquo;un parent pour un moment de partage privil\u00e9gi\u00e9.<\/p>\n","protected":false},"featured_media":11265,"comment_status":"open","ping_status":"closed","template":"","meta":{"inline_featured_image":false},"product_cat":[3877,199],"product_tag":[],"class_list":{"0":"post-11263","1":"product","2":"type-product","3":"status-publish","4":"has-post-thumbnail","6":"product_cat-les-histoires-francais","7":"product_cat-histoires","9":"first","10":"instock","11":"shipping-taxable","12":"purchasable","13":"product-type-simple"},"_links":{"self":[{"href":"https:\/\/baralivres.ma\/index.php?rest_route=\/wp\/v2\/product\/11263","targetHints":{"allow":["GET"]}}],"collection":[{"href":"https:\/\/baralivres.ma\/index.php?rest_route=\/wp\/v2\/product"}],"about":[{"href":"https:\/\/baralivres.ma\/index.php?rest_route=\/wp\/v2\/types\/product"}],"replies":[{"embeddable":true,"href":"https:\/\/baralivres.ma\/index.php?rest_route=%2Fwp%2Fv2%2Fcomments&post=11263"}],"version-history":[{"count":1,"href":"https:\/\/baralivres.ma\/index.php?rest_route=\/wp\/v2\/product\/11263\/revisions"}],"predecessor-version":[{"id":11266,"href":"https:\/\/baralivres.ma\/index.php?rest_route=\/wp\/v2\/product\/11263\/revisions\/11266"}],"wp:featuredmedia":[{"embeddable":true,"href":"https:\/\/baralivres.ma\/index.php?rest_route=\/wp\/v2\/media\/11265"}],"wp:attachment":[{"href":"https:\/\/baralivres.ma\/index.php?rest_route=%2Fwp%2Fv2%2Fmedia&parent=11263"}],"wp:term":[{"taxonomy":"product_cat","embeddable":true,"href":"https:\/\/baralivres.ma\/index.php?rest_route=%2Fwp%2Fv2%2Fproduct_cat&post=11263"},{"taxonomy":"product_tag","embeddable":true,"href":"https:\/\/baralivres.ma\/index.php?rest_route=%2Fwp%2Fv2%2Fproduct_tag&post=11263"}],"curies":[{"name":"wp","href":"https:\/\/api.w.org\/{rel}","templated":true}]}}