{"id":11248,"date":"2023-08-30T13:42:46","date_gmt":"2023-08-30T12:42:46","guid":{"rendered":"https:\/\/baralivres.ma\/?post_type=product&#038;p=11248"},"modified":"2024-11-18T15:35:55","modified_gmt":"2024-11-18T14:35:55","slug":"mes-plus-belles-histoires-la-reine-des-neiges-ii","status":"publish","type":"product","link":"https:\/\/baralivres.ma\/?product=mes-plus-belles-histoires-la-reine-des-neiges-ii","title":{"rendered":"Mes plus belles histoires &#8211; La Reine des Neiges II"},"content":{"rendered":"<p>Le recueil des nouvelles histoires de La Reine des Neiges 2 ! &#8211; Les r\u00e9cits des deux films pour revivre la saga compl\u00e8te. &#8211; 7 histoires d\u00e9riv\u00e9es et in\u00e9dites de La Reine des Neiges 2 pour prolonger l&rsquo;aventure : La Rivi\u00e8re des R\u00eaves ; Amis pour la vie ; Olaf aime les livres ; Soir\u00e9e jeux en famille ; Une visite royale ; La Surprise de Kristoff ; Le Portrait d&rsquo;Anna. &#8211; Une maquette claire, richement illustr\u00e9e par de grandes illustrations.<br \/>\nD\u00e8s 5 ans.<\/p>\n","protected":false},"excerpt":{"rendered":"<p>Le recueil des nouvelles histoires de La Reine des Neiges 2 ! &#8211; Les r\u00e9cits des deux films pour revivre la saga compl\u00e8te. &#8211; 7 histoires d\u00e9riv\u00e9es et in\u00e9dites de La Reine des Neiges 2 pour prolonger l&rsquo;aventure : La Rivi\u00e8re des R\u00eaves ; Amis pour la vie ; Olaf aime les livres ; Soir\u00e9e jeux en famille ; Une visite royale ; La Surprise de Kristoff ; Le Portrait d&rsquo;Anna. &#8211; Une maquette claire, richement illustr\u00e9e par de grandes illustrations.<br \/>\nD\u00e8s 5 ans.<\/p>\n","protected":false},"featured_media":11249,"comment_status":"open","ping_status":"closed","template":"","meta":{"inline_featured_image":false},"product_cat":[3877,199],"product_tag":[],"class_list":{"0":"post-11248","1":"product","2":"type-product","3":"status-publish","4":"has-post-thumbnail","6":"product_cat-les-histoires-francais","7":"product_cat-histoires","9":"first","10":"instock","11":"shipping-taxable","12":"purchasable","13":"product-type-simple"},"_links":{"self":[{"href":"https:\/\/baralivres.ma\/index.php?rest_route=\/wp\/v2\/product\/11248","targetHints":{"allow":["GET"]}}],"collection":[{"href":"https:\/\/baralivres.ma\/index.php?rest_route=\/wp\/v2\/product"}],"about":[{"href":"https:\/\/baralivres.ma\/index.php?rest_route=\/wp\/v2\/types\/product"}],"replies":[{"embeddable":true,"href":"https:\/\/baralivres.ma\/index.php?rest_route=%2Fwp%2Fv2%2Fcomments&post=11248"}],"version-history":[{"count":1,"href":"https:\/\/baralivres.ma\/index.php?rest_route=\/wp\/v2\/product\/11248\/revisions"}],"predecessor-version":[{"id":11252,"href":"https:\/\/baralivres.ma\/index.php?rest_route=\/wp\/v2\/product\/11248\/revisions\/11252"}],"wp:featuredmedia":[{"embeddable":true,"href":"https:\/\/baralivres.ma\/index.php?rest_route=\/wp\/v2\/media\/11249"}],"wp:attachment":[{"href":"https:\/\/baralivres.ma\/index.php?rest_route=%2Fwp%2Fv2%2Fmedia&parent=11248"}],"wp:term":[{"taxonomy":"product_cat","embeddable":true,"href":"https:\/\/baralivres.ma\/index.php?rest_route=%2Fwp%2Fv2%2Fproduct_cat&post=11248"},{"taxonomy":"product_tag","embeddable":true,"href":"https:\/\/baralivres.ma\/index.php?rest_route=%2Fwp%2Fv2%2Fproduct_tag&post=11248"}],"curies":[{"name":"wp","href":"https:\/\/api.w.org\/{rel}","templated":true}]}}