{"id":11236,"date":"2023-08-30T13:28:34","date_gmt":"2023-08-30T12:28:34","guid":{"rendered":"https:\/\/baralivres.ma\/?post_type=product&#038;p=11236"},"modified":"2024-11-06T18:27:57","modified_gmt":"2024-11-06T17:27:57","slug":"dessine-le-bord-de-mer","status":"publish","type":"product","link":"https:\/\/baralivres.ma\/?product=dessine-le-bord-de-mer","title":{"rendered":"Dessine le bord de mer"},"content":{"rendered":"<p>Regarde autour de toi au bord de la mer, rep\u00e8re tes sujets, observe les reflets de l&rsquo;eau, prom\u00e8ne-toi sur la plage, au passage ramasse quelques coquillages&#8230; De retour \u00e0 la maison, \u00e0 toi de cr\u00e9er des \u0153uvres aussi belles que nature : des collages, des tableaux \u00e0 plat, un banc de poissons au couteau, des m\u00e9duses \u00e0 l&rsquo;encre, des fleurs en papier de soie.<\/p>\n","protected":false},"excerpt":{"rendered":"<p>Regarde autour de toi au bord de la mer, rep\u00e8re tes sujets, observe les reflets de l&rsquo;eau, prom\u00e8ne-toi sur la plage<\/p>\n","protected":false},"featured_media":11237,"comment_status":"open","ping_status":"closed","template":"","meta":{"inline_featured_image":false},"product_cat":[210,200],"product_tag":[],"class_list":{"0":"post-11236","1":"product","2":"type-product","3":"status-publish","4":"has-post-thumbnail","6":"product_cat-activites-bebe-enfant","7":"product_cat-activites","9":"first","10":"instock","11":"shipping-taxable","12":"purchasable","13":"product-type-simple"},"_links":{"self":[{"href":"https:\/\/baralivres.ma\/index.php?rest_route=\/wp\/v2\/product\/11236","targetHints":{"allow":["GET"]}}],"collection":[{"href":"https:\/\/baralivres.ma\/index.php?rest_route=\/wp\/v2\/product"}],"about":[{"href":"https:\/\/baralivres.ma\/index.php?rest_route=\/wp\/v2\/types\/product"}],"replies":[{"embeddable":true,"href":"https:\/\/baralivres.ma\/index.php?rest_route=%2Fwp%2Fv2%2Fcomments&post=11236"}],"version-history":[{"count":1,"href":"https:\/\/baralivres.ma\/index.php?rest_route=\/wp\/v2\/product\/11236\/revisions"}],"predecessor-version":[{"id":11238,"href":"https:\/\/baralivres.ma\/index.php?rest_route=\/wp\/v2\/product\/11236\/revisions\/11238"}],"wp:featuredmedia":[{"embeddable":true,"href":"https:\/\/baralivres.ma\/index.php?rest_route=\/wp\/v2\/media\/11237"}],"wp:attachment":[{"href":"https:\/\/baralivres.ma\/index.php?rest_route=%2Fwp%2Fv2%2Fmedia&parent=11236"}],"wp:term":[{"taxonomy":"product_cat","embeddable":true,"href":"https:\/\/baralivres.ma\/index.php?rest_route=%2Fwp%2Fv2%2Fproduct_cat&post=11236"},{"taxonomy":"product_tag","embeddable":true,"href":"https:\/\/baralivres.ma\/index.php?rest_route=%2Fwp%2Fv2%2Fproduct_tag&post=11236"}],"curies":[{"name":"wp","href":"https:\/\/api.w.org\/{rel}","templated":true}]}}