{"id":11218,"date":"2023-08-30T13:18:20","date_gmt":"2023-08-30T12:18:20","guid":{"rendered":"https:\/\/baralivres.ma\/?post_type=product&#038;p=11218"},"modified":"2024-11-18T16:04:49","modified_gmt":"2024-11-18T15:04:49","slug":"les-mille-et-une-nuits","status":"publish","type":"product","link":"https:\/\/baralivres.ma\/?product=les-mille-et-une-nuits","title":{"rendered":"Les mille et une nuits"},"content":{"rendered":"<p>La belle Schahrazade, pour survivre au roi Schahriar qui prend chaque soir une nouvelle \u00e9pouse et la fait ex\u00e9cuter, prend l&rsquo;habitude de lui raconter toutes les nuits une histoire qu&rsquo;elle fait durer jusqu&rsquo;au petit matin. Le roi, curieux d&rsquo;en conna\u00eetre la fin, reporte la sentence de sa jeune \u00e9pous\u00e9e jusqu&rsquo;\u00e0 la mille et uni\u00e8me nuit, o\u00f9 il d\u00e9cide finalement de laisser la vie \u00e0 la subtile conteuse. Recueil anonyme de l\u00e9gendes populaires orientales, Les Mille et Une Nuits ont rendu c\u00e9l\u00e8bres des contes tels que celui d&rsquo;Aladdin et de sa lampe merveilleuse ou encore d&rsquo;Ali Baba et des quarante voleurs.<br \/>\nCes histoires ont inspir\u00e9 L\u00e9on Carr\u00e9, peintre orientaliste fran\u00e7ais du d\u00e9but du XXe si\u00e8cle. Cette \u00e9dition propose une s\u00e9lection de contes accompagn\u00e9e de pr\u00e8s de trente oeuvres aux couleurs vives pour illustrer la traduction de Joseph-Charles Mardrus.<\/p>\n","protected":false},"excerpt":{"rendered":"<p>La belle Schahrazade, pour survivre au roi Schahriar qui prend chaque soir une nouvelle \u00e9pouse et la fait ex\u00e9cute<\/p>\n","protected":false},"featured_media":11219,"comment_status":"open","ping_status":"closed","template":"","meta":{"inline_featured_image":false},"product_cat":[3877,199],"product_tag":[],"class_list":{"0":"post-11218","1":"product","2":"type-product","3":"status-publish","4":"has-post-thumbnail","6":"product_cat-les-histoires-francais","7":"product_cat-histoires","9":"first","10":"instock","11":"shipping-taxable","12":"purchasable","13":"product-type-simple"},"_links":{"self":[{"href":"https:\/\/baralivres.ma\/index.php?rest_route=\/wp\/v2\/product\/11218","targetHints":{"allow":["GET"]}}],"collection":[{"href":"https:\/\/baralivres.ma\/index.php?rest_route=\/wp\/v2\/product"}],"about":[{"href":"https:\/\/baralivres.ma\/index.php?rest_route=\/wp\/v2\/types\/product"}],"replies":[{"embeddable":true,"href":"https:\/\/baralivres.ma\/index.php?rest_route=%2Fwp%2Fv2%2Fcomments&post=11218"}],"version-history":[{"count":1,"href":"https:\/\/baralivres.ma\/index.php?rest_route=\/wp\/v2\/product\/11218\/revisions"}],"predecessor-version":[{"id":11220,"href":"https:\/\/baralivres.ma\/index.php?rest_route=\/wp\/v2\/product\/11218\/revisions\/11220"}],"wp:featuredmedia":[{"embeddable":true,"href":"https:\/\/baralivres.ma\/index.php?rest_route=\/wp\/v2\/media\/11219"}],"wp:attachment":[{"href":"https:\/\/baralivres.ma\/index.php?rest_route=%2Fwp%2Fv2%2Fmedia&parent=11218"}],"wp:term":[{"taxonomy":"product_cat","embeddable":true,"href":"https:\/\/baralivres.ma\/index.php?rest_route=%2Fwp%2Fv2%2Fproduct_cat&post=11218"},{"taxonomy":"product_tag","embeddable":true,"href":"https:\/\/baralivres.ma\/index.php?rest_route=%2Fwp%2Fv2%2Fproduct_tag&post=11218"}],"curies":[{"name":"wp","href":"https:\/\/api.w.org\/{rel}","templated":true}]}}