{"id":11212,"date":"2023-08-30T13:14:56","date_gmt":"2023-08-30T12:14:56","guid":{"rendered":"https:\/\/baralivres.ma\/?post_type=product&#038;p=11212"},"modified":"2024-11-18T16:05:56","modified_gmt":"2024-11-18T15:05:56","slug":"pourquoi-buuurp-dois-je-toujours-dire-pardon","status":"publish","type":"product","link":"https:\/\/baralivres.ma\/?product=pourquoi-buuurp-dois-je-toujours-dire-pardon","title":{"rendered":"Pourquoi&#8230; buuurp ! dois-je toujours dire pardon ?"},"content":{"rendered":"<p>Pourquoi faut-il s&rsquo;excuser quand on rote? La r\u00e9ponse peut \u00eatre simple&#8230; et beaucoup trop ennuyante pour Th\u00e9ophile. Heureusement, ce petit curieux peut compter sur son papa pour lui donner une VRAIE explication. Alors pourquoi? Gr\u00e2ce \u00e0 Lili la sir\u00e8ne, \u00e9videmment!<\/p>\n","protected":false},"excerpt":{"rendered":"<p>Pourquoi faut-il s&rsquo;excuser quand on rote? La r\u00e9ponse peut \u00eatre simple&#8230; et beaucoup trop ennuyante pour Th\u00e9ophile. Heureusement, ce petit curieux peut compter sur son papa pour lui donner une VRAIE explication. Alors pourquoi? Gr\u00e2ce \u00e0 Lili la sir\u00e8ne, \u00e9videmment!<\/p>\n","protected":false},"featured_media":11213,"comment_status":"open","ping_status":"closed","template":"","meta":{"inline_featured_image":false},"product_cat":[3877,199],"product_tag":[],"class_list":{"0":"post-11212","1":"product","2":"type-product","3":"status-publish","4":"has-post-thumbnail","6":"product_cat-les-histoires-francais","7":"product_cat-histoires","9":"first","10":"instock","11":"shipping-taxable","12":"purchasable","13":"product-type-simple"},"_links":{"self":[{"href":"https:\/\/baralivres.ma\/index.php?rest_route=\/wp\/v2\/product\/11212","targetHints":{"allow":["GET"]}}],"collection":[{"href":"https:\/\/baralivres.ma\/index.php?rest_route=\/wp\/v2\/product"}],"about":[{"href":"https:\/\/baralivres.ma\/index.php?rest_route=\/wp\/v2\/types\/product"}],"replies":[{"embeddable":true,"href":"https:\/\/baralivres.ma\/index.php?rest_route=%2Fwp%2Fv2%2Fcomments&post=11212"}],"version-history":[{"count":1,"href":"https:\/\/baralivres.ma\/index.php?rest_route=\/wp\/v2\/product\/11212\/revisions"}],"predecessor-version":[{"id":11214,"href":"https:\/\/baralivres.ma\/index.php?rest_route=\/wp\/v2\/product\/11212\/revisions\/11214"}],"wp:featuredmedia":[{"embeddable":true,"href":"https:\/\/baralivres.ma\/index.php?rest_route=\/wp\/v2\/media\/11213"}],"wp:attachment":[{"href":"https:\/\/baralivres.ma\/index.php?rest_route=%2Fwp%2Fv2%2Fmedia&parent=11212"}],"wp:term":[{"taxonomy":"product_cat","embeddable":true,"href":"https:\/\/baralivres.ma\/index.php?rest_route=%2Fwp%2Fv2%2Fproduct_cat&post=11212"},{"taxonomy":"product_tag","embeddable":true,"href":"https:\/\/baralivres.ma\/index.php?rest_route=%2Fwp%2Fv2%2Fproduct_tag&post=11212"}],"curies":[{"name":"wp","href":"https:\/\/api.w.org\/{rel}","templated":true}]}}