{"id":11209,"date":"2023-08-30T13:04:34","date_gmt":"2023-08-30T12:04:34","guid":{"rendered":"https:\/\/baralivres.ma\/?post_type=product&#038;p=11209"},"modified":"2024-11-18T16:06:43","modified_gmt":"2024-11-18T15:06:43","slug":"pourquoi-manges-tu-des-biscuits-en-cachette-papa","status":"publish","type":"product","link":"https:\/\/baralivres.ma\/?product=pourquoi-manges-tu-des-biscuits-en-cachette-papa","title":{"rendered":"Pourquoi manges-tu des biscuits en cachette, papa ?"},"content":{"rendered":"<p>Pourquoi le papa de Th\u00e9ophile vole-t-il des biscuits en cachette ? La r\u00e9ponse peut \u00eatre simple&#8230; et beaucoup trop ennuyante pour Th\u00e9ophile. Heureusement, ce petit curieux peut compter sur son p\u00e8re pour lui donner une VRAIE explication. Alors pourquoi ? Et si le voleur \u00e9tait plut\u00f4t Glorak, le troll sympathique ?<\/p>\n","protected":false},"excerpt":{"rendered":"<p>Pourquoi le papa de Th\u00e9ophile vole-t-il des biscuits en cachette ? La r\u00e9ponse peut \u00eatre simple&#8230; et beaucoup trop ennuyante pour Th\u00e9ophile. Heureusement, ce petit curieux peut compter sur son p\u00e8re pour lui donner une VRAIE explication. Alors pourquoi ? Et si le voleur \u00e9tait plut\u00f4t Glorak, le troll sympathique ?<\/p>\n","protected":false},"featured_media":11210,"comment_status":"open","ping_status":"closed","template":"","meta":{"inline_featured_image":false},"product_cat":[3877,199],"product_tag":[],"class_list":{"0":"post-11209","1":"product","2":"type-product","3":"status-publish","4":"has-post-thumbnail","6":"product_cat-les-histoires-francais","7":"product_cat-histoires","9":"first","10":"instock","11":"shipping-taxable","12":"purchasable","13":"product-type-simple"},"_links":{"self":[{"href":"https:\/\/baralivres.ma\/index.php?rest_route=\/wp\/v2\/product\/11209","targetHints":{"allow":["GET"]}}],"collection":[{"href":"https:\/\/baralivres.ma\/index.php?rest_route=\/wp\/v2\/product"}],"about":[{"href":"https:\/\/baralivres.ma\/index.php?rest_route=\/wp\/v2\/types\/product"}],"replies":[{"embeddable":true,"href":"https:\/\/baralivres.ma\/index.php?rest_route=%2Fwp%2Fv2%2Fcomments&post=11209"}],"version-history":[{"count":1,"href":"https:\/\/baralivres.ma\/index.php?rest_route=\/wp\/v2\/product\/11209\/revisions"}],"predecessor-version":[{"id":11211,"href":"https:\/\/baralivres.ma\/index.php?rest_route=\/wp\/v2\/product\/11209\/revisions\/11211"}],"wp:featuredmedia":[{"embeddable":true,"href":"https:\/\/baralivres.ma\/index.php?rest_route=\/wp\/v2\/media\/11210"}],"wp:attachment":[{"href":"https:\/\/baralivres.ma\/index.php?rest_route=%2Fwp%2Fv2%2Fmedia&parent=11209"}],"wp:term":[{"taxonomy":"product_cat","embeddable":true,"href":"https:\/\/baralivres.ma\/index.php?rest_route=%2Fwp%2Fv2%2Fproduct_cat&post=11209"},{"taxonomy":"product_tag","embeddable":true,"href":"https:\/\/baralivres.ma\/index.php?rest_route=%2Fwp%2Fv2%2Fproduct_tag&post=11209"}],"curies":[{"name":"wp","href":"https:\/\/api.w.org\/{rel}","templated":true}]}}