{"id":11200,"date":"2023-08-30T12:56:14","date_gmt":"2023-08-30T11:56:14","guid":{"rendered":"https:\/\/baralivres.ma\/?post_type=product&#038;p=11200"},"modified":"2024-11-05T13:57:14","modified_gmt":"2024-11-05T12:57:14","slug":"la-belle-et-la-bete-4","status":"publish","type":"product","link":"https:\/\/baralivres.ma\/?product=la-belle-et-la-bete-4","title":{"rendered":"La Belle et la B\u00eate"},"content":{"rendered":"<p>Un livre et un CD r\u00e9unis pour vivre aux c\u00f4t\u00e9s de Belle la plus incroyable des histoires d&rsquo;amour : d\u00e9couvre la B\u00eate et son ch\u00e2teau enchant\u00e9, Big Ben, Mrs Samovar, Lumi\u00e8re et tous leurs amis&#8230; Sur le CD, les voix originales et les effets sonores du film encourageront l&rsquo;enfant \u00e0 la lecture de cet album f\u00e9erique et richement illustr\u00e9. Enfin, place \u00e0 la musique avec la chanson du film C&rsquo;est la f\u00eate !<\/p>\n","protected":false},"excerpt":{"rendered":"<p>Un livre et un CD r\u00e9unis pour vivre aux c\u00f4t\u00e9s de Belle la plus incroyable des histoires d&rsquo;amour : d\u00e9couvre la B\u00eate et son ch\u00e2teau enchant\u00e9, Big Ben, Mrs Samovar, Lumi\u00e8re et tous leurs amis&#8230; Sur le CD, les voix originales et les effets sonores du film encourageront l&rsquo;enfant \u00e0 la lecture de cet album f\u00e9erique et richement illustr\u00e9. Enfin, place \u00e0 la musique avec la chanson du film C&rsquo;est la f\u00eate !<\/p>\n","protected":false},"featured_media":11201,"comment_status":"open","ping_status":"closed","template":"","meta":{"inline_featured_image":false},"product_cat":[3877,3944,199,197],"product_tag":[],"class_list":{"0":"post-11200","1":"product","2":"type-product","3":"status-publish","4":"has-post-thumbnail","6":"product_cat-les-histoires-francais","7":"product_cat-les-livres-sonore-francais","8":"product_cat-histoires","9":"product_cat-livre-sonore","11":"first","12":"instock","13":"shipping-taxable","14":"purchasable","15":"product-type-simple"},"_links":{"self":[{"href":"https:\/\/baralivres.ma\/index.php?rest_route=\/wp\/v2\/product\/11200","targetHints":{"allow":["GET"]}}],"collection":[{"href":"https:\/\/baralivres.ma\/index.php?rest_route=\/wp\/v2\/product"}],"about":[{"href":"https:\/\/baralivres.ma\/index.php?rest_route=\/wp\/v2\/types\/product"}],"replies":[{"embeddable":true,"href":"https:\/\/baralivres.ma\/index.php?rest_route=%2Fwp%2Fv2%2Fcomments&post=11200"}],"version-history":[{"count":1,"href":"https:\/\/baralivres.ma\/index.php?rest_route=\/wp\/v2\/product\/11200\/revisions"}],"predecessor-version":[{"id":11202,"href":"https:\/\/baralivres.ma\/index.php?rest_route=\/wp\/v2\/product\/11200\/revisions\/11202"}],"wp:featuredmedia":[{"embeddable":true,"href":"https:\/\/baralivres.ma\/index.php?rest_route=\/wp\/v2\/media\/11201"}],"wp:attachment":[{"href":"https:\/\/baralivres.ma\/index.php?rest_route=%2Fwp%2Fv2%2Fmedia&parent=11200"}],"wp:term":[{"taxonomy":"product_cat","embeddable":true,"href":"https:\/\/baralivres.ma\/index.php?rest_route=%2Fwp%2Fv2%2Fproduct_cat&post=11200"},{"taxonomy":"product_tag","embeddable":true,"href":"https:\/\/baralivres.ma\/index.php?rest_route=%2Fwp%2Fv2%2Fproduct_tag&post=11200"}],"curies":[{"name":"wp","href":"https:\/\/api.w.org\/{rel}","templated":true}]}}