{"id":11194,"date":"2023-08-30T12:52:42","date_gmt":"2023-08-30T11:52:42","guid":{"rendered":"https:\/\/baralivres.ma\/?post_type=product&#038;p=11194"},"modified":"2024-11-05T14:00:28","modified_gmt":"2024-11-05T13:00:28","slug":"la-fee-clochette","status":"publish","type":"product","link":"https:\/\/baralivres.ma\/?product=la-fee-clochette","title":{"rendered":"La f\u00e9e Clochette"},"content":{"rendered":"<p>Un livre et un CD enfin r\u00e9unis pour d\u00e9couvrir la merveilleuse histoire de Clochette, la petite f\u00e9e qui n&rsquo;en fait qu&rsquo;\u00e0 sa t\u00eate ! Sur le CD, les voix originales et les effets sonores du film encourageront l&rsquo;enfant \u00e0 la lecture de cet album f\u00e9erique et richement-illustr\u00e9.<\/p>\n","protected":false},"excerpt":{"rendered":"<p>Un livre et un CD enfin r\u00e9unis pour d\u00e9couvrir la merveilleuse histoire de Clochette, la petite f\u00e9e qui n&rsquo;en fait qu&rsquo;\u00e0 sa t\u00eate ! Sur le CD, les voix<\/p>\n","protected":false},"featured_media":11195,"comment_status":"open","ping_status":"closed","template":"","meta":{"inline_featured_image":false},"product_cat":[3877,3944,199,197],"product_tag":[],"class_list":{"0":"post-11194","1":"product","2":"type-product","3":"status-publish","4":"has-post-thumbnail","6":"product_cat-les-histoires-francais","7":"product_cat-les-livres-sonore-francais","8":"product_cat-histoires","9":"product_cat-livre-sonore","11":"first","12":"instock","13":"shipping-taxable","14":"purchasable","15":"product-type-simple"},"_links":{"self":[{"href":"https:\/\/baralivres.ma\/index.php?rest_route=\/wp\/v2\/product\/11194","targetHints":{"allow":["GET"]}}],"collection":[{"href":"https:\/\/baralivres.ma\/index.php?rest_route=\/wp\/v2\/product"}],"about":[{"href":"https:\/\/baralivres.ma\/index.php?rest_route=\/wp\/v2\/types\/product"}],"replies":[{"embeddable":true,"href":"https:\/\/baralivres.ma\/index.php?rest_route=%2Fwp%2Fv2%2Fcomments&post=11194"}],"version-history":[{"count":1,"href":"https:\/\/baralivres.ma\/index.php?rest_route=\/wp\/v2\/product\/11194\/revisions"}],"predecessor-version":[{"id":11196,"href":"https:\/\/baralivres.ma\/index.php?rest_route=\/wp\/v2\/product\/11194\/revisions\/11196"}],"wp:featuredmedia":[{"embeddable":true,"href":"https:\/\/baralivres.ma\/index.php?rest_route=\/wp\/v2\/media\/11195"}],"wp:attachment":[{"href":"https:\/\/baralivres.ma\/index.php?rest_route=%2Fwp%2Fv2%2Fmedia&parent=11194"}],"wp:term":[{"taxonomy":"product_cat","embeddable":true,"href":"https:\/\/baralivres.ma\/index.php?rest_route=%2Fwp%2Fv2%2Fproduct_cat&post=11194"},{"taxonomy":"product_tag","embeddable":true,"href":"https:\/\/baralivres.ma\/index.php?rest_route=%2Fwp%2Fv2%2Fproduct_tag&post=11194"}],"curies":[{"name":"wp","href":"https:\/\/api.w.org\/{rel}","templated":true}]}}