{"id":11184,"date":"2023-08-30T12:45:21","date_gmt":"2023-08-30T11:45:21","guid":{"rendered":"https:\/\/baralivres.ma\/?post_type=product&#038;p=11184"},"modified":"2024-11-06T18:30:14","modified_gmt":"2024-11-06T17:30:14","slug":"les-schtroumpfs-rose-couverture-souple","status":"publish","type":"product","link":"https:\/\/baralivres.ma\/?product=les-schtroumpfs-rose-couverture-souple","title":{"rendered":"Les Schtroumpfs rose &#8211; Couverture souple"},"content":{"rendered":"<div class=\"review-body\">Cr\u00e9e tes propres histoires en dessinant les Schtroumpfs et leurs objets familiers gr\u00e2ce aux nombreux pochoirs contenus dans ce livre. Voyage ainsi dans l&rsquo;univers merveilleux des Schtroumpfs en compl\u00e9tant et en coloriant les 32 d\u00e9cors de ce livre ou en dessinant sur de simples pages blanches.<\/div>\n<p id=\"review-disclaimer-text\" class=\"block\"><em>Les informations fournies dans la section \u00ab A propos du livre \u00bb peuvent faire r\u00e9f\u00e9rence \u00e0 une autre \u00e9dition de ce titre.<\/em><\/p>\n","protected":false},"excerpt":{"rendered":"<p>Cr\u00e9e tes propres histoires en dessinant les Schtroumpfs et leurs objets familiers gr\u00e2ce aux nombreux pochoirs contenus dans ce livre. Voyage ainsi dans l&rsquo;univers merveilleux des Schtroumpfs en compl\u00e9tant et en coloriant les 32 d\u00e9cors de ce livre ou en dessinant sur de simples pages blanches. Les informations fournies dans la section \u00ab A propos [&hellip;]<\/p>\n","protected":false},"featured_media":11185,"comment_status":"open","ping_status":"closed","template":"","meta":{"inline_featured_image":false},"product_cat":[210,200],"product_tag":[],"class_list":{"0":"post-11184","1":"product","2":"type-product","3":"status-publish","4":"has-post-thumbnail","6":"product_cat-activites-bebe-enfant","7":"product_cat-activites","9":"first","10":"instock","11":"shipping-taxable","12":"purchasable","13":"product-type-simple"},"_links":{"self":[{"href":"https:\/\/baralivres.ma\/index.php?rest_route=\/wp\/v2\/product\/11184","targetHints":{"allow":["GET"]}}],"collection":[{"href":"https:\/\/baralivres.ma\/index.php?rest_route=\/wp\/v2\/product"}],"about":[{"href":"https:\/\/baralivres.ma\/index.php?rest_route=\/wp\/v2\/types\/product"}],"replies":[{"embeddable":true,"href":"https:\/\/baralivres.ma\/index.php?rest_route=%2Fwp%2Fv2%2Fcomments&post=11184"}],"version-history":[{"count":1,"href":"https:\/\/baralivres.ma\/index.php?rest_route=\/wp\/v2\/product\/11184\/revisions"}],"predecessor-version":[{"id":11186,"href":"https:\/\/baralivres.ma\/index.php?rest_route=\/wp\/v2\/product\/11184\/revisions\/11186"}],"wp:featuredmedia":[{"embeddable":true,"href":"https:\/\/baralivres.ma\/index.php?rest_route=\/wp\/v2\/media\/11185"}],"wp:attachment":[{"href":"https:\/\/baralivres.ma\/index.php?rest_route=%2Fwp%2Fv2%2Fmedia&parent=11184"}],"wp:term":[{"taxonomy":"product_cat","embeddable":true,"href":"https:\/\/baralivres.ma\/index.php?rest_route=%2Fwp%2Fv2%2Fproduct_cat&post=11184"},{"taxonomy":"product_tag","embeddable":true,"href":"https:\/\/baralivres.ma\/index.php?rest_route=%2Fwp%2Fv2%2Fproduct_tag&post=11184"}],"curies":[{"name":"wp","href":"https:\/\/api.w.org\/{rel}","templated":true}]}}