{"id":11174,"date":"2023-08-29T17:15:18","date_gmt":"2023-08-29T16:15:18","guid":{"rendered":"https:\/\/baralivres.ma\/?post_type=product&#038;p=11174"},"modified":"2024-10-29T13:14:46","modified_gmt":"2024-10-29T12:14:46","slug":"cars-mon-coffret-cd-4-livres","status":"publish","type":"product","link":"https:\/\/baralivres.ma\/?product=cars-mon-coffret-cd-4-livres","title":{"rendered":"Cars &#8211; Mon coffret CD 4 livres"},"content":{"rendered":"<p>Un super coffret contenant les histoires des films Cars et Cars 2 \u00e0 lire et \u00e0 \u00e9couter, gr\u00e2ce au CD ! Et retrouve aussi deux autres histoires de Flash et ses amis !<\/p>\n","protected":false},"excerpt":{"rendered":"<p>Un super coffret contenant les histoires des films Cars et Cars 2 \u00e0 lire et \u00e0 \u00e9couter, gr\u00e2ce au CD ! Et retrouve aussi deux autres histoires de Flash et ses amis !<\/p>\n","protected":false},"featured_media":11175,"comment_status":"open","ping_status":"closed","template":"","meta":{"inline_featured_image":false},"product_cat":[3875,201,200],"product_tag":[],"class_list":{"0":"post-11174","1":"product","2":"type-product","3":"status-publish","4":"has-post-thumbnail","6":"product_cat-coffret-francais","7":"product_cat-coffret","8":"product_cat-activites","10":"first","11":"instock","12":"shipping-taxable","13":"purchasable","14":"product-type-simple"},"_links":{"self":[{"href":"https:\/\/baralivres.ma\/index.php?rest_route=\/wp\/v2\/product\/11174","targetHints":{"allow":["GET"]}}],"collection":[{"href":"https:\/\/baralivres.ma\/index.php?rest_route=\/wp\/v2\/product"}],"about":[{"href":"https:\/\/baralivres.ma\/index.php?rest_route=\/wp\/v2\/types\/product"}],"replies":[{"embeddable":true,"href":"https:\/\/baralivres.ma\/index.php?rest_route=%2Fwp%2Fv2%2Fcomments&post=11174"}],"version-history":[{"count":1,"href":"https:\/\/baralivres.ma\/index.php?rest_route=\/wp\/v2\/product\/11174\/revisions"}],"predecessor-version":[{"id":11176,"href":"https:\/\/baralivres.ma\/index.php?rest_route=\/wp\/v2\/product\/11174\/revisions\/11176"}],"wp:featuredmedia":[{"embeddable":true,"href":"https:\/\/baralivres.ma\/index.php?rest_route=\/wp\/v2\/media\/11175"}],"wp:attachment":[{"href":"https:\/\/baralivres.ma\/index.php?rest_route=%2Fwp%2Fv2%2Fmedia&parent=11174"}],"wp:term":[{"taxonomy":"product_cat","embeddable":true,"href":"https:\/\/baralivres.ma\/index.php?rest_route=%2Fwp%2Fv2%2Fproduct_cat&post=11174"},{"taxonomy":"product_tag","embeddable":true,"href":"https:\/\/baralivres.ma\/index.php?rest_route=%2Fwp%2Fv2%2Fproduct_tag&post=11174"}],"curies":[{"name":"wp","href":"https:\/\/api.w.org\/{rel}","templated":true}]}}