{"id":11166,"date":"2023-08-29T17:03:39","date_gmt":"2023-08-29T16:03:39","guid":{"rendered":"https:\/\/baralivres.ma\/?post_type=product&#038;p=11166"},"modified":"2024-11-05T14:01:56","modified_gmt":"2024-11-05T13:01:56","slug":"mes-plus-belles-histoires-a-ecouter","status":"publish","type":"product","link":"https:\/\/baralivres.ma\/?product=mes-plus-belles-histoires-a-ecouter","title":{"rendered":"Mes plus belles histoires \u00e0 \u00e9couter"},"content":{"rendered":"<p>Les plus c\u00e9l\u00e8bres histoires r\u00e9unies dans un recueil + cd. &#8211; 5 histoires compl\u00e8tes \u00e0 lire et \u00e0 \u00e9couter : &#8211; Belle et la B\u00eate &#8211; Raiponce &#8211; Cendrillon &#8211; Blanche-Neige &#8211; Vaiana- Les histoires en version audio avec plus de 10 minutes d&rsquo;\u00e9coute chacune (plus d&rsquo;une heure d&rsquo;\u00e9coute totale) &#8211; Une immersion compl\u00e8te gr\u00e2ce aux effets sonores et aux dialogues originaux des films. D\u00e8s 3 ans.<\/p>\n","protected":false},"excerpt":{"rendered":"<p>Les plus c\u00e9l\u00e8bres histoires r\u00e9unies dans un recueil + cd. &#8211; 5 histoires compl\u00e8tes \u00e0 lire et \u00e0 \u00e9couter&#8230;<\/p>\n","protected":false},"featured_media":11167,"comment_status":"open","ping_status":"closed","template":"","meta":{"inline_featured_image":false},"product_cat":[3877,3944,199,197],"product_tag":[],"class_list":{"0":"post-11166","1":"product","2":"type-product","3":"status-publish","4":"has-post-thumbnail","6":"product_cat-les-histoires-francais","7":"product_cat-les-livres-sonore-francais","8":"product_cat-histoires","9":"product_cat-livre-sonore","11":"first","12":"instock","13":"shipping-taxable","14":"purchasable","15":"product-type-simple"},"_links":{"self":[{"href":"https:\/\/baralivres.ma\/index.php?rest_route=\/wp\/v2\/product\/11166","targetHints":{"allow":["GET"]}}],"collection":[{"href":"https:\/\/baralivres.ma\/index.php?rest_route=\/wp\/v2\/product"}],"about":[{"href":"https:\/\/baralivres.ma\/index.php?rest_route=\/wp\/v2\/types\/product"}],"replies":[{"embeddable":true,"href":"https:\/\/baralivres.ma\/index.php?rest_route=%2Fwp%2Fv2%2Fcomments&post=11166"}],"version-history":[{"count":1,"href":"https:\/\/baralivres.ma\/index.php?rest_route=\/wp\/v2\/product\/11166\/revisions"}],"predecessor-version":[{"id":11168,"href":"https:\/\/baralivres.ma\/index.php?rest_route=\/wp\/v2\/product\/11166\/revisions\/11168"}],"wp:featuredmedia":[{"embeddable":true,"href":"https:\/\/baralivres.ma\/index.php?rest_route=\/wp\/v2\/media\/11167"}],"wp:attachment":[{"href":"https:\/\/baralivres.ma\/index.php?rest_route=%2Fwp%2Fv2%2Fmedia&parent=11166"}],"wp:term":[{"taxonomy":"product_cat","embeddable":true,"href":"https:\/\/baralivres.ma\/index.php?rest_route=%2Fwp%2Fv2%2Fproduct_cat&post=11166"},{"taxonomy":"product_tag","embeddable":true,"href":"https:\/\/baralivres.ma\/index.php?rest_route=%2Fwp%2Fv2%2Fproduct_tag&post=11166"}],"curies":[{"name":"wp","href":"https:\/\/api.w.org\/{rel}","templated":true}]}}