{"id":11160,"date":"2023-08-29T16:35:03","date_gmt":"2023-08-29T15:35:03","guid":{"rendered":"https:\/\/baralivres.ma\/?post_type=product&#038;p=11160"},"modified":"2024-11-18T16:20:38","modified_gmt":"2024-11-18T15:20:38","slug":"les-15-plus-belles-histoires-pour-les-petites-filles","status":"publish","type":"product","link":"https:\/\/baralivres.ma\/?product=les-15-plus-belles-histoires-pour-les-petites-filles","title":{"rendered":"Les 15 plus belles histoires pour les petites filles"},"content":{"rendered":"<p>P\u00e9n\u00e9lope \u00e0 la plage, A. Gutman et G. Hallensleben. Armeline Fourchedrue, Q. Blake. Rita et Machin, J.-P. Arrou-Vignod et O. Tallec. Lise et B\u00e9b\u00e9lune, E. Chichester Clark. Je veux ma maman !, T. Ross. Meg et la momie, H. Nicoll et J. Pienkowski. La reine BonBon, A. Sanders. Le Monstre poilu, H. Bichonnier et Pef. Boucle d&rsquo;or et les trois ours, T. Ross. Le jardin de Princesse Camomille, de Hiawyn Oram et Susan Varley.<br \/>\nMadame Piquedru la blanchisseuse, B. Potter. Belle la Coccinelle, A. Krings. S.M.A.C.K., C. McNaughton. N&rsquo;aie pas peur !, J. Willis et T. Ross. Ir\u00e8ne la courageuse, W. Steig.<\/p>\n","protected":false},"excerpt":{"rendered":"<p>P\u00e9n\u00e9lope \u00e0 la plage, A. Gutman et G. Hallensleben. Armeline Fourchedrue, Q. Blake. Rita et Machin, J.-P. Arrou-Vignod et O. Tallec. Lise et B\u00e9b\u00e9lune, E. Chichester Clark. Je veux ma maman !, T. Ross. Meg et la momie, H. Nicoll et J. Pienkowski&#8230;<\/p>\n","protected":false},"featured_media":11161,"comment_status":"open","ping_status":"closed","template":"","meta":{"inline_featured_image":false},"product_cat":[3877,199],"product_tag":[],"class_list":{"0":"post-11160","1":"product","2":"type-product","3":"status-publish","4":"has-post-thumbnail","6":"product_cat-les-histoires-francais","7":"product_cat-histoires","9":"first","10":"instock","11":"shipping-taxable","12":"purchasable","13":"product-type-simple"},"_links":{"self":[{"href":"https:\/\/baralivres.ma\/index.php?rest_route=\/wp\/v2\/product\/11160","targetHints":{"allow":["GET"]}}],"collection":[{"href":"https:\/\/baralivres.ma\/index.php?rest_route=\/wp\/v2\/product"}],"about":[{"href":"https:\/\/baralivres.ma\/index.php?rest_route=\/wp\/v2\/types\/product"}],"replies":[{"embeddable":true,"href":"https:\/\/baralivres.ma\/index.php?rest_route=%2Fwp%2Fv2%2Fcomments&post=11160"}],"version-history":[{"count":1,"href":"https:\/\/baralivres.ma\/index.php?rest_route=\/wp\/v2\/product\/11160\/revisions"}],"predecessor-version":[{"id":11162,"href":"https:\/\/baralivres.ma\/index.php?rest_route=\/wp\/v2\/product\/11160\/revisions\/11162"}],"wp:featuredmedia":[{"embeddable":true,"href":"https:\/\/baralivres.ma\/index.php?rest_route=\/wp\/v2\/media\/11161"}],"wp:attachment":[{"href":"https:\/\/baralivres.ma\/index.php?rest_route=%2Fwp%2Fv2%2Fmedia&parent=11160"}],"wp:term":[{"taxonomy":"product_cat","embeddable":true,"href":"https:\/\/baralivres.ma\/index.php?rest_route=%2Fwp%2Fv2%2Fproduct_cat&post=11160"},{"taxonomy":"product_tag","embeddable":true,"href":"https:\/\/baralivres.ma\/index.php?rest_route=%2Fwp%2Fv2%2Fproduct_tag&post=11160"}],"curies":[{"name":"wp","href":"https:\/\/api.w.org\/{rel}","templated":true}]}}