{"id":11149,"date":"2023-08-29T16:08:39","date_gmt":"2023-08-29T15:08:39","guid":{"rendered":"https:\/\/baralivres.ma\/?post_type=product&#038;p=11149"},"modified":"2024-11-18T16:21:30","modified_gmt":"2024-11-18T15:21:30","slug":"les-plus-belles-histoires-pour-lecole-maternelle","status":"publish","type":"product","link":"https:\/\/baralivres.ma\/?product=les-plus-belles-histoires-pour-lecole-maternelle","title":{"rendered":"Les plus belles histoires pour l&rsquo;\u00e9cole maternelle"},"content":{"rendered":"<p>Un fabuleux tr\u00e9sor pour tous les enfants \u00e0 l&rsquo;\u00e9cole maternelle, par les plus grands auteurs et illustrateurs de notre catalogue : des histoires classiques et modernes, nos h\u00e9ros (Motordu, Trotro, P\u00e9n\u00e9lope, Gruffalo, la petite princesse, les Rois et Reines&#8230;), des pages documentaires, des comptines, des po\u00e8mes&#8230; &#8211; \u00ab\u00a0Timioche\u00a0\u00bb, Julia Donaldson et Axel Scheffler. &#8211; \u00ab\u00a0La rentr\u00e9e des animaux\u00a0\u00bb, Samir Senoussi et Henri Fellner.<br \/>\n&#8211; \u00ab\u00a0P\u00e9n\u00e9lope conna\u00eet les couleurs\u00a0\u00bb, Anne Gutman et Georg Hallensleben. &#8211; \u00ab\u00a0Timoth\u00e9e va \u00e0 l&rsquo;\u00e9cole\u00a0\u00bb, Rosemary Wells. &#8211; \u00ab\u00a0La Reine Ma\u00eetresse-Ma\u00eetresse\u00a0\u00bb, Alex Sanders. &#8211; \u00ab\u00a0Je veux un ami ! \u00ab\u00a0, Tony Ross. &#8211; \u00ab\u00a0La belle lisse poire du Prince de Motordu\u00a0\u00bb, Pef. &#8211; \u00ab\u00a0O\u00f9 est le petit chien ? \u00ab\u00a0, Mathew Price et Qin Leng. &#8211; \u00ab\u00a0Gruffalo, Les contraires\u00a0\u00bb, Julia Donaldson et Axel Scheffler. &#8211; \u00ab\u00a0S. M. A. C. K\u00a0\u00bb. , de Colin McNaughton.<br \/>\n&#8211; \u00ab\u00a0De vrais amis\u00a0\u00bb, Anne-Ga\u00eblle Balpe et Nathalie Choux. &#8211; \u00ab\u00a0Trotro\u00a0\u00bb, B\u00e9n\u00e9dicte Guettier. &#8211; \u00ab\u00a0Juliette s&rsquo;inqui\u00e8te\u00a0\u00bb, Kevin Henkes. &#8211; \u00ab\u00a0L&rsquo;\u00e9cole maternelle\u00a0\u00bb, Charlotte Roederer. &#8211; \u00ab\u00a0Je vais \u00e0 l&rsquo;\u00e9cole ! \u00ab\u00a0, Delphine Gravier-Badreddine et Charlotte Roederer. &#8211; \u00ab\u00a0A la cantine\u00a0\u00bb, Catherine Dolto et Colline Faure-Poir\u00e9e, Fr\u00e9d\u00e9rick Mansot. &#8211; \u00ab\u00a0En sortant de l&rsquo;\u00e9cole\u00a0\u00bb, Jacques Pr\u00e9vert et Jacqueline Duh\u00eame. &#8211; \u00ab\u00a0L&rsquo;\u00e9cole des po\u00e8tes, extraits\u00a0\u00bb, illustr\u00e9 par Jacqueline Duh\u00eame et Monique F\u00e9lix.<br \/>\n&#8211; \u00ab\u00a0Mes comptines de l&rsquo;\u00e9cole maternelle\u00a0\u00bb, illustr\u00e9 par Charlotte Roederer. &#8211; \u00ab\u00a0Le pilates pour les petits\u00a0\u00bb (extrait), Rida Ouerghi et Elsa Fouquier.<\/p>\n","protected":false},"excerpt":{"rendered":"<p>Des histoires classiques et modernes, nos h\u00e9ros (Motordu, Trotro, P\u00e9n\u00e9lope, Gruffalo, la petite princesse, les Rois et Reines&#8230;), des pages documentaires, des comptines, des po\u00e8mes&#8230;<\/p>\n","protected":false},"featured_media":11150,"comment_status":"open","ping_status":"closed","template":"","meta":{"inline_featured_image":false},"product_cat":[3877,199],"product_tag":[],"class_list":{"0":"post-11149","1":"product","2":"type-product","3":"status-publish","4":"has-post-thumbnail","6":"product_cat-les-histoires-francais","7":"product_cat-histoires","9":"first","10":"instock","11":"shipping-taxable","12":"purchasable","13":"product-type-simple"},"_links":{"self":[{"href":"https:\/\/baralivres.ma\/index.php?rest_route=\/wp\/v2\/product\/11149","targetHints":{"allow":["GET"]}}],"collection":[{"href":"https:\/\/baralivres.ma\/index.php?rest_route=\/wp\/v2\/product"}],"about":[{"href":"https:\/\/baralivres.ma\/index.php?rest_route=\/wp\/v2\/types\/product"}],"replies":[{"embeddable":true,"href":"https:\/\/baralivres.ma\/index.php?rest_route=%2Fwp%2Fv2%2Fcomments&post=11149"}],"version-history":[{"count":1,"href":"https:\/\/baralivres.ma\/index.php?rest_route=\/wp\/v2\/product\/11149\/revisions"}],"predecessor-version":[{"id":11151,"href":"https:\/\/baralivres.ma\/index.php?rest_route=\/wp\/v2\/product\/11149\/revisions\/11151"}],"wp:featuredmedia":[{"embeddable":true,"href":"https:\/\/baralivres.ma\/index.php?rest_route=\/wp\/v2\/media\/11150"}],"wp:attachment":[{"href":"https:\/\/baralivres.ma\/index.php?rest_route=%2Fwp%2Fv2%2Fmedia&parent=11149"}],"wp:term":[{"taxonomy":"product_cat","embeddable":true,"href":"https:\/\/baralivres.ma\/index.php?rest_route=%2Fwp%2Fv2%2Fproduct_cat&post=11149"},{"taxonomy":"product_tag","embeddable":true,"href":"https:\/\/baralivres.ma\/index.php?rest_route=%2Fwp%2Fv2%2Fproduct_tag&post=11149"}],"curies":[{"name":"wp","href":"https:\/\/api.w.org\/{rel}","templated":true}]}}