{"id":11146,"date":"2023-08-29T16:02:43","date_gmt":"2023-08-29T15:02:43","guid":{"rendered":"https:\/\/baralivres.ma\/?post_type=product&#038;p=11146"},"modified":"2024-11-18T15:15:13","modified_gmt":"2024-11-18T14:15:13","slug":"les-plus-belles-histoires-pour-lecole","status":"publish","type":"product","link":"https:\/\/baralivres.ma\/?product=les-plus-belles-histoires-pour-lecole","title":{"rendered":"Les plus belles histoires pour l&rsquo;\u00e9cole"},"content":{"rendered":"<p>Je d\u00e9teste l&rsquo;\u00e9cole (Jeanne Willis et Tony Ross) &#8211; Emile, il est 7 heures (Vincent Cuvelier et Ronan Badel)- Le corbeau et le renard (Jean de La Fontaine, illustr\u00e9 par Nathalie Novi) &#8211; Un jour d&rsquo;\u00e9cole ordinaire (Colin McNaughton et Satoshi Kitamura) &#8211; La famille Fraskato et son cirque fabuleux (John Yeoman et Quentin Blake) &#8211; Ours molaire (Viencent Pianina)- L&rsquo;ivre de fran\u00e7ais (Pef)- Lilly adore l&rsquo;\u00e9cole ! (Kevin Henkes) &#8211; Le Petit Nicolas, Pr\u00eat pour la bagarre (d&rsquo;apr\u00e8s l&rsquo;ouvre de Ren\u00e9 Goscinny et Jean-Jacques Semp\u00e9) &#8211; Mes 100 premiers jours d&rsquo;\u00e9cole (Mathilde Br\u00e9chet et Amandine Laprun) &#8211; La baleine et l&rsquo;Escargote (Julia Donaldson et Axel Scheffler) &#8211; Le vilain petit canard (Hans Christian Andersen, illustr\u00e9 par Charlotte Roederer) &#8211; La cigale et la fourmi (Jean de La Fontaine, illustr\u00e9 par Nathalie Novi) &#8211; Mon copain Bogueugueu (B\u00e9atrice Fontanel et Marc Boutavant).<\/p>\n","protected":false},"excerpt":{"rendered":"<p>Une anthologie r\u00e9unissant des r\u00e9cits issus du catalogue de l&rsquo;\u00e9diteur : Motordu, le Petit Nicolas, J. Pr\u00e9vert, T. Ross, etc.<\/p>\n","protected":false},"featured_media":11147,"comment_status":"open","ping_status":"closed","template":"","meta":{"inline_featured_image":false},"product_cat":[3877,199],"product_tag":[],"class_list":{"0":"post-11146","1":"product","2":"type-product","3":"status-publish","4":"has-post-thumbnail","6":"product_cat-les-histoires-francais","7":"product_cat-histoires","9":"first","10":"instock","11":"shipping-taxable","12":"purchasable","13":"product-type-simple"},"_links":{"self":[{"href":"https:\/\/baralivres.ma\/index.php?rest_route=\/wp\/v2\/product\/11146","targetHints":{"allow":["GET"]}}],"collection":[{"href":"https:\/\/baralivres.ma\/index.php?rest_route=\/wp\/v2\/product"}],"about":[{"href":"https:\/\/baralivres.ma\/index.php?rest_route=\/wp\/v2\/types\/product"}],"replies":[{"embeddable":true,"href":"https:\/\/baralivres.ma\/index.php?rest_route=%2Fwp%2Fv2%2Fcomments&post=11146"}],"version-history":[{"count":1,"href":"https:\/\/baralivres.ma\/index.php?rest_route=\/wp\/v2\/product\/11146\/revisions"}],"predecessor-version":[{"id":11148,"href":"https:\/\/baralivres.ma\/index.php?rest_route=\/wp\/v2\/product\/11146\/revisions\/11148"}],"wp:featuredmedia":[{"embeddable":true,"href":"https:\/\/baralivres.ma\/index.php?rest_route=\/wp\/v2\/media\/11147"}],"wp:attachment":[{"href":"https:\/\/baralivres.ma\/index.php?rest_route=%2Fwp%2Fv2%2Fmedia&parent=11146"}],"wp:term":[{"taxonomy":"product_cat","embeddable":true,"href":"https:\/\/baralivres.ma\/index.php?rest_route=%2Fwp%2Fv2%2Fproduct_cat&post=11146"},{"taxonomy":"product_tag","embeddable":true,"href":"https:\/\/baralivres.ma\/index.php?rest_route=%2Fwp%2Fv2%2Fproduct_tag&post=11146"}],"curies":[{"name":"wp","href":"https:\/\/api.w.org\/{rel}","templated":true}]}}