{"id":11142,"date":"2023-08-29T15:54:06","date_gmt":"2023-08-29T14:54:06","guid":{"rendered":"https:\/\/baralivres.ma\/?post_type=product&#038;p=11142"},"modified":"2024-11-18T15:16:08","modified_gmt":"2024-11-18T14:16:08","slug":"oggy-et-les-cafards-100-jeux","status":"publish","type":"product","link":"https:\/\/baralivres.ma\/?product=oggy-et-les-cafards-100-jeux","title":{"rendered":"Oggy et les cafards 100 % jeux"},"content":{"rendered":"<p>Mot cach\u00e9s, jeux des diff\u00e9rences, labyrinthes&#8230; un livre qui fourmille d&rsquo;activit\u00e9s \u00e0 faire avec Oggy et ses amis !<\/p>\n","protected":false},"excerpt":{"rendered":"<p>Mot cach\u00e9s, jeux des diff\u00e9rences, labyrinthes&#8230; un livre qui fourmille d&rsquo;activit\u00e9s \u00e0 faire avec Oggy et ses amis !<\/p>\n","protected":false},"featured_media":11143,"comment_status":"open","ping_status":"closed","template":"","meta":{"inline_featured_image":false},"product_cat":[215,200],"product_tag":[],"class_list":{"0":"post-11142","1":"product","2":"type-product","3":"status-publish","4":"has-post-thumbnail","6":"product_cat-enfant","7":"product_cat-activites","9":"first","10":"instock","11":"shipping-taxable","12":"purchasable","13":"product-type-simple"},"_links":{"self":[{"href":"https:\/\/baralivres.ma\/index.php?rest_route=\/wp\/v2\/product\/11142","targetHints":{"allow":["GET"]}}],"collection":[{"href":"https:\/\/baralivres.ma\/index.php?rest_route=\/wp\/v2\/product"}],"about":[{"href":"https:\/\/baralivres.ma\/index.php?rest_route=\/wp\/v2\/types\/product"}],"replies":[{"embeddable":true,"href":"https:\/\/baralivres.ma\/index.php?rest_route=%2Fwp%2Fv2%2Fcomments&post=11142"}],"version-history":[{"count":1,"href":"https:\/\/baralivres.ma\/index.php?rest_route=\/wp\/v2\/product\/11142\/revisions"}],"predecessor-version":[{"id":11144,"href":"https:\/\/baralivres.ma\/index.php?rest_route=\/wp\/v2\/product\/11142\/revisions\/11144"}],"wp:featuredmedia":[{"embeddable":true,"href":"https:\/\/baralivres.ma\/index.php?rest_route=\/wp\/v2\/media\/11143"}],"wp:attachment":[{"href":"https:\/\/baralivres.ma\/index.php?rest_route=%2Fwp%2Fv2%2Fmedia&parent=11142"}],"wp:term":[{"taxonomy":"product_cat","embeddable":true,"href":"https:\/\/baralivres.ma\/index.php?rest_route=%2Fwp%2Fv2%2Fproduct_cat&post=11142"},{"taxonomy":"product_tag","embeddable":true,"href":"https:\/\/baralivres.ma\/index.php?rest_route=%2Fwp%2Fv2%2Fproduct_tag&post=11142"}],"curies":[{"name":"wp","href":"https:\/\/api.w.org\/{rel}","templated":true}]}}