{"id":11139,"date":"2023-08-29T15:48:02","date_gmt":"2023-08-29T14:48:02","guid":{"rendered":"https:\/\/baralivres.ma\/?post_type=product&#038;p=11139"},"modified":"2024-11-18T15:16:40","modified_gmt":"2024-11-18T14:16:40","slug":"escape-game-oggy-et-les-cafards-aventure-egyptienne","status":"publish","type":"product","link":"https:\/\/baralivres.ma\/?product=escape-game-oggy-et-les-cafards-aventure-egyptienne","title":{"rendered":"Escape Game Oggy et les cafards &#8211; Aventure \u00e9gyptienne"},"content":{"rendered":"<p>Oggy a deux passions dans la vie, manger ET dormir ! Mais il y a trois tout petits d\u00e9tails qui g\u00e2chent toujours tout. Trois fois rien&#8230; Juste trois horribles cafards ! Mais le matou a enfin trouv\u00e9 l&rsquo;arme parfaite pour les d\u00e9truire : un secret qu&rsquo;on se transmet de pharaon en pharaon&#8230; Pour mettre la patte dessus, le chat va devoir fouiller plus d&rsquo;un sarcophage ! Ta mission : Aider Oggy \u00e0 trouver le myst\u00e9rieux papyrus et \u00e9crabouiller deux ou trois cafards au passage.<br \/>\nMais attention, il faudra ruser ! Sur le principe des c\u00e9l\u00e8bres Escape Game, un livre pour jouer chez soi, seul ou \u00e0 plusieurs ! Avec : Une s\u00e9rie d&rsquo;\u00e9nigmes qui font appel \u00e0 la logique, le sens de l&rsquo;observation et l&rsquo;esprit de d\u00e9duction. Du mat\u00e9riel \u00e0 d\u00e9couper pour aider l&rsquo;enfant dans sa mission. Des indices et des solutions pour accompagner l&rsquo;enfant.<\/p>\n","protected":false},"excerpt":{"rendered":"<p>Oggy a deux passions dans la vie, manger ET dormir ! Mais il y a trois tout petits d\u00e9tails qui g\u00e2chent toujours tout.<\/p>\n","protected":false},"featured_media":11145,"comment_status":"open","ping_status":"closed","template":"","meta":{"inline_featured_image":false},"product_cat":[210,200],"product_tag":[],"class_list":{"0":"post-11139","1":"product","2":"type-product","3":"status-publish","4":"has-post-thumbnail","6":"product_cat-activites-bebe-enfant","7":"product_cat-activites","9":"first","10":"instock","11":"shipping-taxable","12":"purchasable","13":"product-type-simple"},"_links":{"self":[{"href":"https:\/\/baralivres.ma\/index.php?rest_route=\/wp\/v2\/product\/11139","targetHints":{"allow":["GET"]}}],"collection":[{"href":"https:\/\/baralivres.ma\/index.php?rest_route=\/wp\/v2\/product"}],"about":[{"href":"https:\/\/baralivres.ma\/index.php?rest_route=\/wp\/v2\/types\/product"}],"replies":[{"embeddable":true,"href":"https:\/\/baralivres.ma\/index.php?rest_route=%2Fwp%2Fv2%2Fcomments&post=11139"}],"version-history":[{"count":2,"href":"https:\/\/baralivres.ma\/index.php?rest_route=\/wp\/v2\/product\/11139\/revisions"}],"predecessor-version":[{"id":11141,"href":"https:\/\/baralivres.ma\/index.php?rest_route=\/wp\/v2\/product\/11139\/revisions\/11141"}],"wp:featuredmedia":[{"embeddable":true,"href":"https:\/\/baralivres.ma\/index.php?rest_route=\/wp\/v2\/media\/11145"}],"wp:attachment":[{"href":"https:\/\/baralivres.ma\/index.php?rest_route=%2Fwp%2Fv2%2Fmedia&parent=11139"}],"wp:term":[{"taxonomy":"product_cat","embeddable":true,"href":"https:\/\/baralivres.ma\/index.php?rest_route=%2Fwp%2Fv2%2Fproduct_cat&post=11139"},{"taxonomy":"product_tag","embeddable":true,"href":"https:\/\/baralivres.ma\/index.php?rest_route=%2Fwp%2Fv2%2Fproduct_tag&post=11139"}],"curies":[{"name":"wp","href":"https:\/\/api.w.org\/{rel}","templated":true}]}}