{"id":11135,"date":"2023-08-29T15:43:22","date_gmt":"2023-08-29T14:43:22","guid":{"rendered":"https:\/\/baralivres.ma\/?post_type=product&#038;p=11135"},"modified":"2024-11-18T15:17:01","modified_gmt":"2024-11-18T14:17:01","slug":"les-3-soeurs-du-roi-mechant","status":"publish","type":"product","link":"https:\/\/baralivres.ma\/?product=les-3-soeurs-du-roi-mechant","title":{"rendered":"Les 3 soeurs du roi m\u00e9chant"},"content":{"rendered":"<p>Il \u00e9tait une fois un roi qui avait 3 filles : la premi\u00e8re ne parlait pas, la deuxi\u00e8me n&rsquo;entendait pas et la troisi\u00e8me ne voyait rien. A la naissance de son fils, un enfant magnifique et sans d\u00e9faut, il chassa la reine et les princesses pour pr\u00e9server son h\u00e9ritier des imperfections de ses soeurs. Quand son p\u00e8re mourut, le jeune prince devint un roi col\u00e9rique, sourd \u00e0 la souffrance de son peuple et aveugle \u00e0 sa mis\u00e8re. Mais un jour qu&rsquo;il \u00e9tait parti chasser \u00e0 l&rsquo;autre bout du royaume, il se perdit et rencontra 3 jolies jeunes femmes : la premi\u00e8re ne parlait pas, la deuxi\u00e8me n&rsquo;entendait pas et la troisi\u00e8me ne vo ait rien&#8230;<\/p>\n","protected":false},"excerpt":{"rendered":"<p>Quand son p\u00e8re mourut, le jeune prince devint un roi col\u00e9rique, sourd \u00e0 la souffrance de son peuple et aveugle \u00e0 sa mis\u00e8re. Mais un jour qu&rsquo;il \u00e9tait parti chasser \u00e0 l&rsquo;autre bout du royaume, il se perdit et rencontra 3 jolies jeunes femmes : la premi\u00e8re ne parlait pas, la deuxi\u00e8me n&rsquo;entendait pas et la troisi\u00e8me ne vo ait rien&#8230;<\/p>\n","protected":false},"featured_media":11137,"comment_status":"open","ping_status":"closed","template":"","meta":{"inline_featured_image":false},"product_cat":[3877,199],"product_tag":[],"class_list":{"0":"post-11135","1":"product","2":"type-product","3":"status-publish","4":"has-post-thumbnail","6":"product_cat-les-histoires-francais","7":"product_cat-histoires","9":"first","10":"instock","11":"shipping-taxable","12":"purchasable","13":"product-type-simple"},"_links":{"self":[{"href":"https:\/\/baralivres.ma\/index.php?rest_route=\/wp\/v2\/product\/11135","targetHints":{"allow":["GET"]}}],"collection":[{"href":"https:\/\/baralivres.ma\/index.php?rest_route=\/wp\/v2\/product"}],"about":[{"href":"https:\/\/baralivres.ma\/index.php?rest_route=\/wp\/v2\/types\/product"}],"replies":[{"embeddable":true,"href":"https:\/\/baralivres.ma\/index.php?rest_route=%2Fwp%2Fv2%2Fcomments&post=11135"}],"version-history":[{"count":1,"href":"https:\/\/baralivres.ma\/index.php?rest_route=\/wp\/v2\/product\/11135\/revisions"}],"predecessor-version":[{"id":11138,"href":"https:\/\/baralivres.ma\/index.php?rest_route=\/wp\/v2\/product\/11135\/revisions\/11138"}],"wp:featuredmedia":[{"embeddable":true,"href":"https:\/\/baralivres.ma\/index.php?rest_route=\/wp\/v2\/media\/11137"}],"wp:attachment":[{"href":"https:\/\/baralivres.ma\/index.php?rest_route=%2Fwp%2Fv2%2Fmedia&parent=11135"}],"wp:term":[{"taxonomy":"product_cat","embeddable":true,"href":"https:\/\/baralivres.ma\/index.php?rest_route=%2Fwp%2Fv2%2Fproduct_cat&post=11135"},{"taxonomy":"product_tag","embeddable":true,"href":"https:\/\/baralivres.ma\/index.php?rest_route=%2Fwp%2Fv2%2Fproduct_tag&post=11135"}],"curies":[{"name":"wp","href":"https:\/\/api.w.org\/{rel}","templated":true}]}}