{"id":11121,"date":"2023-08-29T15:34:34","date_gmt":"2023-08-29T14:34:34","guid":{"rendered":"https:\/\/baralivres.ma\/?post_type=product&#038;p=11121"},"modified":"2024-11-18T15:18:16","modified_gmt":"2024-11-18T14:18:16","slug":"minnie-daisy-spypower-tome-1","status":"publish","type":"product","link":"https:\/\/baralivres.ma\/?product=minnie-daisy-spypower-tome-1","title":{"rendered":"Minnie &amp; Daisy Spypower Tome 1"},"content":{"rendered":"<p>Minnie est tr\u00e8s excit\u00e9e. Elle fait son entr\u00e9e \u00e0 l&rsquo;universit\u00e9 de Calisota avec Daisy, sa meilleure amie ! Mais sur place, Minnie trouve cette derni\u00e8re distante et myst\u00e9rieuse&#8230; elle d\u00e9couvre alors que Daisy a \u00e9t\u00e9 recrut\u00e9e comme agente secr\u00e8te ! Minnie va vite comprendre qu&rsquo;elle a, elle aussi, le potentiel pour devenir une parfaite espionne.<\/p>\n","protected":false},"excerpt":{"rendered":"<p>Minnie est tr\u00e8s excit\u00e9e. Elle fait son entr\u00e9e \u00e0 l&rsquo;universit\u00e9 de Calisota avec Daisy, sa meilleure amie ! Mais sur place, Minnie trouve cette derni\u00e8re distante et myst\u00e9rieuse&#8230; elle d\u00e9couvre alors que Daisy a \u00e9t\u00e9 recrut\u00e9e comme agente secr\u00e8te ! Minnie va vite comprendre qu&rsquo;elle a, elle aussi, le potentiel pour devenir une parfaite espionne.<\/p>\n","protected":false},"featured_media":11122,"comment_status":"open","ping_status":"closed","template":"","meta":{"inline_featured_image":false},"product_cat":[3877,199],"product_tag":[],"class_list":{"0":"post-11121","1":"product","2":"type-product","3":"status-publish","4":"has-post-thumbnail","6":"product_cat-les-histoires-francais","7":"product_cat-histoires","9":"first","10":"instock","11":"shipping-taxable","12":"purchasable","13":"product-type-simple"},"_links":{"self":[{"href":"https:\/\/baralivres.ma\/index.php?rest_route=\/wp\/v2\/product\/11121","targetHints":{"allow":["GET"]}}],"collection":[{"href":"https:\/\/baralivres.ma\/index.php?rest_route=\/wp\/v2\/product"}],"about":[{"href":"https:\/\/baralivres.ma\/index.php?rest_route=\/wp\/v2\/types\/product"}],"replies":[{"embeddable":true,"href":"https:\/\/baralivres.ma\/index.php?rest_route=%2Fwp%2Fv2%2Fcomments&post=11121"}],"version-history":[{"count":1,"href":"https:\/\/baralivres.ma\/index.php?rest_route=\/wp\/v2\/product\/11121\/revisions"}],"predecessor-version":[{"id":11124,"href":"https:\/\/baralivres.ma\/index.php?rest_route=\/wp\/v2\/product\/11121\/revisions\/11124"}],"wp:featuredmedia":[{"embeddable":true,"href":"https:\/\/baralivres.ma\/index.php?rest_route=\/wp\/v2\/media\/11122"}],"wp:attachment":[{"href":"https:\/\/baralivres.ma\/index.php?rest_route=%2Fwp%2Fv2%2Fmedia&parent=11121"}],"wp:term":[{"taxonomy":"product_cat","embeddable":true,"href":"https:\/\/baralivres.ma\/index.php?rest_route=%2Fwp%2Fv2%2Fproduct_cat&post=11121"},{"taxonomy":"product_tag","embeddable":true,"href":"https:\/\/baralivres.ma\/index.php?rest_route=%2Fwp%2Fv2%2Fproduct_tag&post=11121"}],"curies":[{"name":"wp","href":"https:\/\/api.w.org\/{rel}","templated":true}]}}