{"id":11117,"date":"2023-08-29T15:33:03","date_gmt":"2023-08-29T14:33:03","guid":{"rendered":"https:\/\/baralivres.ma\/?post_type=product&#038;p=11117"},"modified":"2024-11-18T15:19:15","modified_gmt":"2024-11-18T14:19:15","slug":"le-college-de-lhorreur","status":"publish","type":"product","link":"https:\/\/baralivres.ma\/?product=le-college-de-lhorreur","title":{"rendered":"Le coll\u00e8ge de l&rsquo;horreur"},"content":{"rendered":"<p>Riri, Fifi et Loulou sont s\u00e9lectionn\u00e9s pour participer \u00e0 un \u00e9change scolaire en Europe. Premi\u00e8re destination : l&rsquo;Allemagne ! Au d\u00e9but, tout se passe bien, jusqu&rsquo;\u00e0 ce que les trois fr\u00e8res se retrouvent face \u00e0 leurs pires cauchemars ! Aid\u00e9s de leurs nouveaux amis, les canetons vont essayer de r\u00e9soudre cet \u00e9trange myst\u00e8re qui plane sur le coll\u00e8ge.<\/p>\n","protected":false},"excerpt":{"rendered":"<p>Riri, Fifi et Loulou sont s\u00e9lectionn\u00e9s pour participer \u00e0 un \u00e9change scolaire en Europe. Premi\u00e8re destination : l&rsquo;Allemagne ! Au d\u00e9but, tout se passe bien, jusqu&rsquo;\u00e0 ce que les trois fr\u00e8res se retrouvent face \u00e0 leurs pires cauchemars ! Aid\u00e9s de leurs nouveaux amis, les canetons vont essayer de r\u00e9soudre cet \u00e9trange myst\u00e8re qui plane sur le coll\u00e8ge.<\/p>\n","protected":false},"featured_media":11118,"comment_status":"open","ping_status":"closed","template":"","meta":{"inline_featured_image":false},"product_cat":[203,204],"product_tag":[],"class_list":{"0":"post-11117","1":"product","2":"type-product","3":"status-publish","4":"has-post-thumbnail","6":"product_cat-adolescente","7":"product_cat-francais","9":"first","10":"instock","11":"shipping-taxable","12":"purchasable","13":"product-type-simple"},"_links":{"self":[{"href":"https:\/\/baralivres.ma\/index.php?rest_route=\/wp\/v2\/product\/11117","targetHints":{"allow":["GET"]}}],"collection":[{"href":"https:\/\/baralivres.ma\/index.php?rest_route=\/wp\/v2\/product"}],"about":[{"href":"https:\/\/baralivres.ma\/index.php?rest_route=\/wp\/v2\/types\/product"}],"replies":[{"embeddable":true,"href":"https:\/\/baralivres.ma\/index.php?rest_route=%2Fwp%2Fv2%2Fcomments&post=11117"}],"version-history":[{"count":1,"href":"https:\/\/baralivres.ma\/index.php?rest_route=\/wp\/v2\/product\/11117\/revisions"}],"predecessor-version":[{"id":11120,"href":"https:\/\/baralivres.ma\/index.php?rest_route=\/wp\/v2\/product\/11117\/revisions\/11120"}],"wp:featuredmedia":[{"embeddable":true,"href":"https:\/\/baralivres.ma\/index.php?rest_route=\/wp\/v2\/media\/11118"}],"wp:attachment":[{"href":"https:\/\/baralivres.ma\/index.php?rest_route=%2Fwp%2Fv2%2Fmedia&parent=11117"}],"wp:term":[{"taxonomy":"product_cat","embeddable":true,"href":"https:\/\/baralivres.ma\/index.php?rest_route=%2Fwp%2Fv2%2Fproduct_cat&post=11117"},{"taxonomy":"product_tag","embeddable":true,"href":"https:\/\/baralivres.ma\/index.php?rest_route=%2Fwp%2Fv2%2Fproduct_tag&post=11117"}],"curies":[{"name":"wp","href":"https:\/\/api.w.org\/{rel}","templated":true}]}}