{"id":11115,"date":"2023-08-29T15:34:33","date_gmt":"2023-08-29T14:34:33","guid":{"rendered":"https:\/\/baralivres.ma\/?post_type=product&#038;p=11115"},"modified":"2024-11-18T15:18:42","modified_gmt":"2024-11-18T14:18:42","slug":"star-wars-50-missions-a-travers-la-galaxie","status":"publish","type":"product","link":"https:\/\/baralivres.ma\/?product=star-wars-50-missions-a-travers-la-galaxie","title":{"rendered":"Star Wars, 50 missions \u00e0 travers la galaxie"},"content":{"rendered":"<p>Tu r\u00eaves de devenir un pilote et tu veux te battre pour ce qui est juste ? Alors prends les commandes et deviens un h\u00e9ros de la R\u00e9sistance ! Compl\u00e8te les jeux de ce livre et franchis les diff\u00e9rentes \u00e9tapes aux c\u00f4t\u00e9s de Han Solo, Chewbacca, Rey et tant d&rsquo;autres encore&#8230; Prends exemple sur les meilleurs et laisse-toi guider au coeur de la galaxie.<\/p>\n","protected":false},"excerpt":{"rendered":"<p>Tu r\u00eaves de devenir un pilote et tu veux te battre pour ce qui est juste ? Alors prends les commandes et deviens un h\u00e9ros de la R\u00e9sistance ! Compl\u00e8te les jeux de ce livre et franchis les diff\u00e9rentes \u00e9tapes aux c\u00f4t\u00e9s de Han Solo, Chewbacca, Rey et tant d&rsquo;autres encore&#8230; Prends exemple sur les [&hellip;]<\/p>\n","protected":false},"featured_media":11119,"comment_status":"open","ping_status":"closed","template":"","meta":{"inline_featured_image":false},"product_cat":[215,200],"product_tag":[],"class_list":{"0":"post-11115","1":"product","2":"type-product","3":"status-publish","4":"has-post-thumbnail","6":"product_cat-enfant","7":"product_cat-activites","9":"first","10":"instock","11":"shipping-taxable","12":"purchasable","13":"product-type-simple"},"_links":{"self":[{"href":"https:\/\/baralivres.ma\/index.php?rest_route=\/wp\/v2\/product\/11115","targetHints":{"allow":["GET"]}}],"collection":[{"href":"https:\/\/baralivres.ma\/index.php?rest_route=\/wp\/v2\/product"}],"about":[{"href":"https:\/\/baralivres.ma\/index.php?rest_route=\/wp\/v2\/types\/product"}],"replies":[{"embeddable":true,"href":"https:\/\/baralivres.ma\/index.php?rest_route=%2Fwp%2Fv2%2Fcomments&post=11115"}],"version-history":[{"count":1,"href":"https:\/\/baralivres.ma\/index.php?rest_route=\/wp\/v2\/product\/11115\/revisions"}],"predecessor-version":[{"id":11123,"href":"https:\/\/baralivres.ma\/index.php?rest_route=\/wp\/v2\/product\/11115\/revisions\/11123"}],"wp:featuredmedia":[{"embeddable":true,"href":"https:\/\/baralivres.ma\/index.php?rest_route=\/wp\/v2\/media\/11119"}],"wp:attachment":[{"href":"https:\/\/baralivres.ma\/index.php?rest_route=%2Fwp%2Fv2%2Fmedia&parent=11115"}],"wp:term":[{"taxonomy":"product_cat","embeddable":true,"href":"https:\/\/baralivres.ma\/index.php?rest_route=%2Fwp%2Fv2%2Fproduct_cat&post=11115"},{"taxonomy":"product_tag","embeddable":true,"href":"https:\/\/baralivres.ma\/index.php?rest_route=%2Fwp%2Fv2%2Fproduct_tag&post=11115"}],"curies":[{"name":"wp","href":"https:\/\/api.w.org\/{rel}","templated":true}]}}