{"id":11111,"date":"2023-08-29T15:31:33","date_gmt":"2023-08-29T14:31:33","guid":{"rendered":"https:\/\/baralivres.ma\/?post_type=product&#038;p=11111"},"modified":"2024-11-18T15:19:38","modified_gmt":"2024-11-18T14:19:38","slug":"young-donald-tome-2","status":"publish","type":"product","link":"https:\/\/baralivres.ma\/?product=young-donald-tome-2","title":{"rendered":"Young Donald Tome 2"},"content":{"rendered":"<p>UN ROMAN GRAPHIQUE A DESTINATION DES PRE-ADOS ! Un format optimis\u00e9 entre le roman et le comics, pour s\u00e9duire les jeunes lecteurs autonomes. Une lecture plaisir gr\u00e2ce \u00e0 un graphisme attractif et une histoire in\u00e9dite autour d&rsquo;un personnage fort. Des pr\u00e9occupations proches de celles des 8-12 ans : \u00e9cole, copains, r\u00e9seaux sociaux et petits tracas du quotidien. R\u00e9sum\u00e9 : Donald commence une nouvelle ann\u00e9e \u00e0 la DRIP Acad\u00e9mie.<br \/>\nEt qui dit nouvelle ann\u00e9e, dit nouveaux amis, nouveaux projets et&#8230; nouvelles gal\u00e8res. D&rsquo;autant que la rumeur court qu&rsquo;un fant\u00f4me hante l&rsquo;\u00e9cole. Quand Donald devient la cible des blagues du fant\u00f4me, l&rsquo;ado d\u00e9cide de tout faire pour l&rsquo;attraper, et ce m\u00eame s&rsquo;il n&rsquo;est qu&rsquo;un canard gringalet. Car on ne na\u00eet pas h\u00e9ros, on le devient !<\/p>\n","protected":false},"excerpt":{"rendered":"<p>N ROMAN GRAPHIQUE A DESTINATION DES PRE-ADOS ! Un format optimis\u00e9 entre le roman et le comics, pour s\u00e9duire les jeunes lecteurs autonomes. Une lecture plaisir gr\u00e2ce \u00e0 un graphisme attractif et une histoire in\u00e9dite autour d&rsquo;un personnage fort. Des pr\u00e9occupations proches de celles des 8-12 ans : \u00e9cole, copains, r\u00e9seaux sociaux et petits tracas du quotidien. R\u00e9sum\u00e9 : Donald commence une nouvelle ann\u00e9e \u00e0 la DRIP Acad\u00e9mie.<br \/>\nEt qui dit nouvelle ann\u00e9e, dit nouveaux amis, nouveaux projets et&#8230; nouvelles gal\u00e8res. D&rsquo;autant que la rumeur court qu&rsquo;un fant\u00f4me hante l&rsquo;\u00e9cole. Quand Donald devient la cible des blagues du fant\u00f4me, l&rsquo;ado d\u00e9cide de tout faire pour l&rsquo;attraper, et ce m\u00eame s&rsquo;il n&rsquo;est qu&rsquo;un canard gringalet. Car on ne na\u00eet pas h\u00e9ros, on le devient !<\/p>\n","protected":false},"featured_media":11112,"comment_status":"open","ping_status":"closed","template":"","meta":{"inline_featured_image":false},"product_cat":[3877,199],"product_tag":[],"class_list":{"0":"post-11111","1":"product","2":"type-product","3":"status-publish","4":"has-post-thumbnail","6":"product_cat-les-histoires-francais","7":"product_cat-histoires","9":"first","10":"instock","11":"shipping-taxable","12":"purchasable","13":"product-type-simple"},"_links":{"self":[{"href":"https:\/\/baralivres.ma\/index.php?rest_route=\/wp\/v2\/product\/11111","targetHints":{"allow":["GET"]}}],"collection":[{"href":"https:\/\/baralivres.ma\/index.php?rest_route=\/wp\/v2\/product"}],"about":[{"href":"https:\/\/baralivres.ma\/index.php?rest_route=\/wp\/v2\/types\/product"}],"replies":[{"embeddable":true,"href":"https:\/\/baralivres.ma\/index.php?rest_route=%2Fwp%2Fv2%2Fcomments&post=11111"}],"version-history":[{"count":1,"href":"https:\/\/baralivres.ma\/index.php?rest_route=\/wp\/v2\/product\/11111\/revisions"}],"predecessor-version":[{"id":11116,"href":"https:\/\/baralivres.ma\/index.php?rest_route=\/wp\/v2\/product\/11111\/revisions\/11116"}],"wp:featuredmedia":[{"embeddable":true,"href":"https:\/\/baralivres.ma\/index.php?rest_route=\/wp\/v2\/media\/11112"}],"wp:attachment":[{"href":"https:\/\/baralivres.ma\/index.php?rest_route=%2Fwp%2Fv2%2Fmedia&parent=11111"}],"wp:term":[{"taxonomy":"product_cat","embeddable":true,"href":"https:\/\/baralivres.ma\/index.php?rest_route=%2Fwp%2Fv2%2Fproduct_cat&post=11111"},{"taxonomy":"product_tag","embeddable":true,"href":"https:\/\/baralivres.ma\/index.php?rest_route=%2Fwp%2Fv2%2Fproduct_tag&post=11111"}],"curies":[{"name":"wp","href":"https:\/\/api.w.org\/{rel}","templated":true}]}}