{"id":11106,"date":"2023-08-29T15:29:37","date_gmt":"2023-08-29T14:29:37","guid":{"rendered":"https:\/\/baralivres.ma\/?post_type=product&#038;p=11106"},"modified":"2024-11-18T15:19:59","modified_gmt":"2024-11-18T14:19:59","slug":"young-donald-tome-1","status":"publish","type":"product","link":"https:\/\/baralivres.ma\/?product=young-donald-tome-1","title":{"rendered":"Young Donald Tome 1"},"content":{"rendered":"<p>Tu cherches un livre rempli d&rsquo;aventures palpitantes ? Tu veux de l&rsquo;action, du r\u00eave, et du courage \u00e0 toutes les pages ? !! Mauvaise pioche !!! Le \u00ab\u00a0h\u00e9ros\u00a0\u00bb, ici, c&rsquo;est juste, euh&#8230; Donald Duck ! Donald a douze ans et rien ne va pour lui ! Alors quand on lui propose par erreur d&rsquo;int\u00e9grer l&rsquo;\u00e9cole dont il r\u00eave, il saute sur l&rsquo;occasion. Donald d\u00e9m\u00e9nage et commence une nouvelle vie : nouvel internat, nouveaux amis et&#8230;<br \/>\ndes grosses gal\u00e8res !<\/p>\n","protected":false},"excerpt":{"rendered":"<p>Tu veux de l&rsquo;action, du r\u00eave, et du courage \u00e0 toutes les pages ? !! Mauvaise pioche !!! Le \u00ab\u00a0h\u00e9ros\u00a0\u00bb, ici, c&rsquo;est juste, euh&#8230; Donald Duck ! Donald a douze ans et rien ne va pour lui ! Alors quand on lui propose par erreur d&rsquo;int\u00e9grer l&rsquo;\u00e9cole dont il r\u00eave, il saute sur l&rsquo;occasion. Donald d\u00e9m\u00e9nage et commence une nouvelle vie : nouvel internat, nouveaux amis et&#8230;<br \/>\ndes grosses gal\u00e8res !<\/p>\n","protected":false},"featured_media":11107,"comment_status":"open","ping_status":"closed","template":"","meta":{"inline_featured_image":false},"product_cat":[3877,199],"product_tag":[],"class_list":{"0":"post-11106","1":"product","2":"type-product","3":"status-publish","4":"has-post-thumbnail","6":"product_cat-les-histoires-francais","7":"product_cat-histoires","9":"first","10":"instock","11":"shipping-taxable","12":"purchasable","13":"product-type-simple"},"_links":{"self":[{"href":"https:\/\/baralivres.ma\/index.php?rest_route=\/wp\/v2\/product\/11106","targetHints":{"allow":["GET"]}}],"collection":[{"href":"https:\/\/baralivres.ma\/index.php?rest_route=\/wp\/v2\/product"}],"about":[{"href":"https:\/\/baralivres.ma\/index.php?rest_route=\/wp\/v2\/types\/product"}],"replies":[{"embeddable":true,"href":"https:\/\/baralivres.ma\/index.php?rest_route=%2Fwp%2Fv2%2Fcomments&post=11106"}],"version-history":[{"count":1,"href":"https:\/\/baralivres.ma\/index.php?rest_route=\/wp\/v2\/product\/11106\/revisions"}],"predecessor-version":[{"id":11110,"href":"https:\/\/baralivres.ma\/index.php?rest_route=\/wp\/v2\/product\/11106\/revisions\/11110"}],"wp:featuredmedia":[{"embeddable":true,"href":"https:\/\/baralivres.ma\/index.php?rest_route=\/wp\/v2\/media\/11107"}],"wp:attachment":[{"href":"https:\/\/baralivres.ma\/index.php?rest_route=%2Fwp%2Fv2%2Fmedia&parent=11106"}],"wp:term":[{"taxonomy":"product_cat","embeddable":true,"href":"https:\/\/baralivres.ma\/index.php?rest_route=%2Fwp%2Fv2%2Fproduct_cat&post=11106"},{"taxonomy":"product_tag","embeddable":true,"href":"https:\/\/baralivres.ma\/index.php?rest_route=%2Fwp%2Fv2%2Fproduct_tag&post=11106"}],"curies":[{"name":"wp","href":"https:\/\/api.w.org\/{rel}","templated":true}]}}