{"id":11099,"date":"2023-08-29T15:25:12","date_gmt":"2023-08-29T14:25:12","guid":{"rendered":"https:\/\/baralivres.ma\/?post_type=product&#038;p=11099"},"modified":"2024-11-07T13:55:38","modified_gmt":"2024-11-07T12:55:38","slug":"blanche-neige","status":"publish","type":"product","link":"https:\/\/baralivres.ma\/?product=blanche-neige","title":{"rendered":"Blanche-Neige"},"content":{"rendered":"<p>Un conte pour d\u00e9couvrir l&rsquo;histoire de Blanche-Neige et des sept nains. Un texte court, adapt\u00e9 aux petits, accompagn\u00e9 d&rsquo;un imagier et d&rsquo;un petit jeu visuel. Un livre qui stimule l&rsquo;imaginaire et la d\u00e9couverte des mots et favorise l&rsquo;\u00e9change parents-enfants.<\/p>\n","protected":false},"excerpt":{"rendered":"<p>Un conte pour d\u00e9couvrir l&rsquo;histoire de Blanche-Neige et des sept nains. Un texte court, adapt\u00e9 aux petits, accompagn\u00e9 d&rsquo;un imagier et d&rsquo;un petit jeu visuel. Un livre qui stimule l&rsquo;imaginaire et la d\u00e9couverte des mots et favorise l&rsquo;\u00e9change parents-enfants.<\/p>\n","protected":false},"featured_media":11100,"comment_status":"open","ping_status":"closed","template":"","meta":{"inline_featured_image":false},"product_cat":[3877,199],"product_tag":[],"class_list":{"0":"post-11099","1":"product","2":"type-product","3":"status-publish","4":"has-post-thumbnail","6":"product_cat-les-histoires-francais","7":"product_cat-histoires","9":"first","10":"instock","11":"shipping-taxable","12":"purchasable","13":"product-type-simple"},"_links":{"self":[{"href":"https:\/\/baralivres.ma\/index.php?rest_route=\/wp\/v2\/product\/11099","targetHints":{"allow":["GET"]}}],"collection":[{"href":"https:\/\/baralivres.ma\/index.php?rest_route=\/wp\/v2\/product"}],"about":[{"href":"https:\/\/baralivres.ma\/index.php?rest_route=\/wp\/v2\/types\/product"}],"replies":[{"embeddable":true,"href":"https:\/\/baralivres.ma\/index.php?rest_route=%2Fwp%2Fv2%2Fcomments&post=11099"}],"version-history":[{"count":1,"href":"https:\/\/baralivres.ma\/index.php?rest_route=\/wp\/v2\/product\/11099\/revisions"}],"predecessor-version":[{"id":11101,"href":"https:\/\/baralivres.ma\/index.php?rest_route=\/wp\/v2\/product\/11099\/revisions\/11101"}],"wp:featuredmedia":[{"embeddable":true,"href":"https:\/\/baralivres.ma\/index.php?rest_route=\/wp\/v2\/media\/11100"}],"wp:attachment":[{"href":"https:\/\/baralivres.ma\/index.php?rest_route=%2Fwp%2Fv2%2Fmedia&parent=11099"}],"wp:term":[{"taxonomy":"product_cat","embeddable":true,"href":"https:\/\/baralivres.ma\/index.php?rest_route=%2Fwp%2Fv2%2Fproduct_cat&post=11099"},{"taxonomy":"product_tag","embeddable":true,"href":"https:\/\/baralivres.ma\/index.php?rest_route=%2Fwp%2Fv2%2Fproduct_tag&post=11099"}],"curies":[{"name":"wp","href":"https:\/\/api.w.org\/{rel}","templated":true}]}}