{"id":11097,"date":"2023-08-29T15:29:08","date_gmt":"2023-08-29T14:29:08","guid":{"rendered":"https:\/\/baralivres.ma\/?post_type=product&#038;p=11097"},"modified":"2024-11-18T15:20:20","modified_gmt":"2024-11-18T14:20:20","slug":"50-missions-pour-echapper-a-venom","status":"publish","type":"product","link":"https:\/\/baralivres.ma\/?product=50-missions-pour-echapper-a-venom","title":{"rendered":"Marvel-50 missions pour \u00e9chapper \u00e0 Venom"},"content":{"rendered":"<p>Alors que Peter Parker rentre chez lui, quelqu&rsquo;un l&rsquo;attaque par-derri\u00e8re et l&rsquo;assomme. A son r\u00e9veil, le h\u00e9ros est plong\u00e9 dans le noir. Il essaie de se d\u00e9placer mais il semble \u00eatre enferm\u00e9 dans une toute petite pi\u00e8ce. Soudain, un \u00e9cran s&rsquo;allume et le visage de Venom appara\u00eet&#8230; Son pire ennemi d\u00e9tient Tante May ! Ta mission : aider l&rsquo;homme-araignee et les Avengers \u00e0 arr\u00eater Venom ! 50 \u00e9nigmes minut\u00e9es avec des indices et les solutions.<br \/>\nMessages cod\u00e9s, jeux des diff\u00e9rences, points \u00e0 relier, calculs, puzzles, labyrinthes, tableaux, mots m\u00eal\u00e9s.. 50 activit\u00e9s qui feront appel \u00e0 ton sens de la logique et de L&rsquo;observation. 1,2, 3, top chrono !<\/p>\n","protected":false},"excerpt":{"rendered":"<p>Cinquante \u00e9nigmes \u00e0 r\u00e9soudre en un temps limit\u00e9 inspir\u00e9es de l&rsquo;univers Spider-Man. Chaque double page contient des informations et des indices. Avec une planche d&rsquo;outils \u00e0 d\u00e9couper, utiles pour r\u00e9ussir \u00e0 s&rsquo;\u00e9chapper.<\/p>\n","protected":false},"featured_media":11104,"comment_status":"open","ping_status":"closed","template":"","meta":{"inline_featured_image":false},"product_cat":[215,200],"product_tag":[],"class_list":{"0":"post-11097","1":"product","2":"type-product","3":"status-publish","4":"has-post-thumbnail","6":"product_cat-enfant","7":"product_cat-activites","9":"first","10":"instock","11":"shipping-taxable","12":"purchasable","13":"product-type-simple"},"_links":{"self":[{"href":"https:\/\/baralivres.ma\/index.php?rest_route=\/wp\/v2\/product\/11097","targetHints":{"allow":["GET"]}}],"collection":[{"href":"https:\/\/baralivres.ma\/index.php?rest_route=\/wp\/v2\/product"}],"about":[{"href":"https:\/\/baralivres.ma\/index.php?rest_route=\/wp\/v2\/types\/product"}],"replies":[{"embeddable":true,"href":"https:\/\/baralivres.ma\/index.php?rest_route=%2Fwp%2Fv2%2Fcomments&post=11097"}],"version-history":[{"count":2,"href":"https:\/\/baralivres.ma\/index.php?rest_route=\/wp\/v2\/product\/11097\/revisions"}],"predecessor-version":[{"id":11113,"href":"https:\/\/baralivres.ma\/index.php?rest_route=\/wp\/v2\/product\/11097\/revisions\/11113"}],"wp:featuredmedia":[{"embeddable":true,"href":"https:\/\/baralivres.ma\/index.php?rest_route=\/wp\/v2\/media\/11104"}],"wp:attachment":[{"href":"https:\/\/baralivres.ma\/index.php?rest_route=%2Fwp%2Fv2%2Fmedia&parent=11097"}],"wp:term":[{"taxonomy":"product_cat","embeddable":true,"href":"https:\/\/baralivres.ma\/index.php?rest_route=%2Fwp%2Fv2%2Fproduct_cat&post=11097"},{"taxonomy":"product_tag","embeddable":true,"href":"https:\/\/baralivres.ma\/index.php?rest_route=%2Fwp%2Fv2%2Fproduct_tag&post=11097"}],"curies":[{"name":"wp","href":"https:\/\/api.w.org\/{rel}","templated":true}]}}