{"id":11093,"date":"2023-08-29T15:23:40","date_gmt":"2023-08-29T14:23:40","guid":{"rendered":"https:\/\/baralivres.ma\/?post_type=product&#038;p=11093"},"modified":"2024-11-18T15:21:05","modified_gmt":"2024-11-18T14:21:05","slug":"cendrillon","status":"publish","type":"product","link":"https:\/\/baralivres.ma\/?product=cendrillon","title":{"rendered":"Cendrillon"},"content":{"rendered":"<p>Cendrillon r\u00eave d&rsquo;aller ou bal. Quelle chance quand sa marraine la f\u00e9e fait de son r\u00eave une r\u00e9alit\u00e9! Mois attention au 12e coup de minuit !<\/p>\n","protected":false},"excerpt":{"rendered":"<p>Cendrillon r\u00eave d&rsquo;aller ou bal. Quelle chance quand sa marraine la f\u00e9e fait de son r\u00eave une r\u00e9alit\u00e9! Mois attention au 12e coup de minuit !<\/p>\n","protected":false},"featured_media":11095,"comment_status":"open","ping_status":"closed","template":"","meta":{"inline_featured_image":false},"product_cat":[3877,199],"product_tag":[],"class_list":{"0":"post-11093","1":"product","2":"type-product","3":"status-publish","4":"has-post-thumbnail","6":"product_cat-les-histoires-francais","7":"product_cat-histoires","9":"first","10":"instock","11":"shipping-taxable","12":"purchasable","13":"product-type-simple"},"_links":{"self":[{"href":"https:\/\/baralivres.ma\/index.php?rest_route=\/wp\/v2\/product\/11093","targetHints":{"allow":["GET"]}}],"collection":[{"href":"https:\/\/baralivres.ma\/index.php?rest_route=\/wp\/v2\/product"}],"about":[{"href":"https:\/\/baralivres.ma\/index.php?rest_route=\/wp\/v2\/types\/product"}],"replies":[{"embeddable":true,"href":"https:\/\/baralivres.ma\/index.php?rest_route=%2Fwp%2Fv2%2Fcomments&post=11093"}],"version-history":[{"count":1,"href":"https:\/\/baralivres.ma\/index.php?rest_route=\/wp\/v2\/product\/11093\/revisions"}],"predecessor-version":[{"id":11098,"href":"https:\/\/baralivres.ma\/index.php?rest_route=\/wp\/v2\/product\/11093\/revisions\/11098"}],"wp:featuredmedia":[{"embeddable":true,"href":"https:\/\/baralivres.ma\/index.php?rest_route=\/wp\/v2\/media\/11095"}],"wp:attachment":[{"href":"https:\/\/baralivres.ma\/index.php?rest_route=%2Fwp%2Fv2%2Fmedia&parent=11093"}],"wp:term":[{"taxonomy":"product_cat","embeddable":true,"href":"https:\/\/baralivres.ma\/index.php?rest_route=%2Fwp%2Fv2%2Fproduct_cat&post=11093"},{"taxonomy":"product_tag","embeddable":true,"href":"https:\/\/baralivres.ma\/index.php?rest_route=%2Fwp%2Fv2%2Fproduct_tag&post=11093"}],"curies":[{"name":"wp","href":"https:\/\/api.w.org\/{rel}","templated":true}]}}