{"id":11088,"date":"2023-08-29T15:21:42","date_gmt":"2023-08-29T14:21:42","guid":{"rendered":"https:\/\/baralivres.ma\/?post_type=product&#038;p=11088"},"modified":"2024-11-18T15:21:29","modified_gmt":"2024-11-18T14:21:29","slug":"ursula-chaos-a-atlantica","status":"publish","type":"product","link":"https:\/\/baralivres.ma\/?product=ursula-chaos-a-atlantica","title":{"rendered":"Ursula &#8211; Chaos \u00e0 Atlantica"},"content":{"rendered":"<p>Ursula a un nouveau plan : g\u00e2cher le festival du Corail qu&rsquo;organise le roi Triton. Arrivera-t-elle \u00e0 ses fins ?<\/p>\n","protected":false},"excerpt":{"rendered":"<p>Ursula a un nouveau plan : g\u00e2cher le festival du Corail qu&rsquo;organise le roi Triton. Arrivera-t-elle \u00e0 ses fins ?<\/p>\n","protected":false},"featured_media":11090,"comment_status":"open","ping_status":"closed","template":"","meta":{"inline_featured_image":false},"product_cat":[3877,199],"product_tag":[],"class_list":{"0":"post-11088","1":"product","2":"type-product","3":"status-publish","4":"has-post-thumbnail","6":"product_cat-les-histoires-francais","7":"product_cat-histoires","9":"first","10":"instock","11":"shipping-taxable","12":"purchasable","13":"product-type-simple"},"_links":{"self":[{"href":"https:\/\/baralivres.ma\/index.php?rest_route=\/wp\/v2\/product\/11088","targetHints":{"allow":["GET"]}}],"collection":[{"href":"https:\/\/baralivres.ma\/index.php?rest_route=\/wp\/v2\/product"}],"about":[{"href":"https:\/\/baralivres.ma\/index.php?rest_route=\/wp\/v2\/types\/product"}],"replies":[{"embeddable":true,"href":"https:\/\/baralivres.ma\/index.php?rest_route=%2Fwp%2Fv2%2Fcomments&post=11088"}],"version-history":[{"count":1,"href":"https:\/\/baralivres.ma\/index.php?rest_route=\/wp\/v2\/product\/11088\/revisions"}],"predecessor-version":[{"id":11092,"href":"https:\/\/baralivres.ma\/index.php?rest_route=\/wp\/v2\/product\/11088\/revisions\/11092"}],"wp:featuredmedia":[{"embeddable":true,"href":"https:\/\/baralivres.ma\/index.php?rest_route=\/wp\/v2\/media\/11090"}],"wp:attachment":[{"href":"https:\/\/baralivres.ma\/index.php?rest_route=%2Fwp%2Fv2%2Fmedia&parent=11088"}],"wp:term":[{"taxonomy":"product_cat","embeddable":true,"href":"https:\/\/baralivres.ma\/index.php?rest_route=%2Fwp%2Fv2%2Fproduct_cat&post=11088"},{"taxonomy":"product_tag","embeddable":true,"href":"https:\/\/baralivres.ma\/index.php?rest_route=%2Fwp%2Fv2%2Fproduct_tag&post=11088"}],"curies":[{"name":"wp","href":"https:\/\/api.w.org\/{rel}","templated":true}]}}