{"id":11073,"date":"2023-08-29T15:17:08","date_gmt":"2023-08-29T14:17:08","guid":{"rendered":"https:\/\/baralivres.ma\/?post_type=product&#038;p=11073"},"modified":"2024-11-18T15:22:34","modified_gmt":"2024-11-18T14:22:34","slug":"star-wars-kit-de-construction","status":"publish","type":"product","link":"https:\/\/baralivres.ma\/?product=star-wars-kit-de-construction","title":{"rendered":"Star Wars Kit de construction"},"content":{"rendered":"<p>Un kit de construction pour d\u00e9velopper sa r\u00e9flexion et son esprit logique, tout en s&rsquo;amusant ! Un kit extraordinaire pour devenir un petit g\u00e9nie ! Dans ce livre, votre enfant pourra monter sans outils et sans colle R2-D2 et la navette de Kylo Ren ! En suivant les instructions, il assemblera facilement les feuilles pr\u00e9d\u00e9coup\u00e9es pour un r\u00e9sultat \u00e9patant ! Le livret comprend \u00e9galement les modes d&#8217;emploi et les mod\u00e8les de montage.<br \/>\nL&rsquo;enfant peut ainsi assembler facilement les pi\u00e8ces et r\u00e9aliser un objet cartonn\u00e9 en 3D. + 13 pages de jeux et activit\u00e9s STAR WARS !<\/p>\n","protected":false},"excerpt":{"rendered":"<p>Dans ce livre, votre enfant pourra monter sans outils et sans colle R2-D2 et la navette de Kylo Ren ! En suivant les instructions, il assemblera facilement les feuilles pr\u00e9d\u00e9coup\u00e9es pour un r\u00e9sultat \u00e9patant ! Le livret comprend \u00e9galement les modes d&#8217;emploi et les mod\u00e8les de montage.<\/p>\n","protected":false},"featured_media":11077,"comment_status":"open","ping_status":"closed","template":"","meta":{"inline_featured_image":false},"product_cat":[215,200],"product_tag":[],"class_list":{"0":"post-11073","1":"product","2":"type-product","3":"status-publish","4":"has-post-thumbnail","6":"product_cat-enfant","7":"product_cat-activites","9":"first","10":"instock","11":"shipping-taxable","12":"purchasable","13":"product-type-simple"},"_links":{"self":[{"href":"https:\/\/baralivres.ma\/index.php?rest_route=\/wp\/v2\/product\/11073","targetHints":{"allow":["GET"]}}],"collection":[{"href":"https:\/\/baralivres.ma\/index.php?rest_route=\/wp\/v2\/product"}],"about":[{"href":"https:\/\/baralivres.ma\/index.php?rest_route=\/wp\/v2\/types\/product"}],"replies":[{"embeddable":true,"href":"https:\/\/baralivres.ma\/index.php?rest_route=%2Fwp%2Fv2%2Fcomments&post=11073"}],"version-history":[{"count":1,"href":"https:\/\/baralivres.ma\/index.php?rest_route=\/wp\/v2\/product\/11073\/revisions"}],"predecessor-version":[{"id":11080,"href":"https:\/\/baralivres.ma\/index.php?rest_route=\/wp\/v2\/product\/11073\/revisions\/11080"}],"wp:featuredmedia":[{"embeddable":true,"href":"https:\/\/baralivres.ma\/index.php?rest_route=\/wp\/v2\/media\/11077"}],"wp:attachment":[{"href":"https:\/\/baralivres.ma\/index.php?rest_route=%2Fwp%2Fv2%2Fmedia&parent=11073"}],"wp:term":[{"taxonomy":"product_cat","embeddable":true,"href":"https:\/\/baralivres.ma\/index.php?rest_route=%2Fwp%2Fv2%2Fproduct_cat&post=11073"},{"taxonomy":"product_tag","embeddable":true,"href":"https:\/\/baralivres.ma\/index.php?rest_route=%2Fwp%2Fv2%2Fproduct_tag&post=11073"}],"curies":[{"name":"wp","href":"https:\/\/api.w.org\/{rel}","templated":true}]}}