{"id":11068,"date":"2023-08-29T15:10:27","date_gmt":"2023-08-29T14:10:27","guid":{"rendered":"https:\/\/baralivres.ma\/?post_type=product&#038;p=11068"},"modified":"2024-11-18T16:21:56","modified_gmt":"2024-11-18T15:21:56","slug":"la-reine-des-neiges-3","status":"publish","type":"product","link":"https:\/\/baralivres.ma\/?product=la-reine-des-neiges-3","title":{"rendered":"La Reine des Neiges"},"content":{"rendered":"<p>Le recueil d&rsquo;histoires Reine des Neiges ! Retrouve la magie de La Reine des Neiges dans ce recueil d&rsquo;histoires ! 6 aventures in\u00e9dites d&rsquo;Elsa, Anna et tous leurs amis sont \u00e0 d\u00e9couvrir.<\/p>\n","protected":false},"excerpt":{"rendered":"<p>Le recueil d&rsquo;histoires Reine des Neiges ! Retrouve la magie de La Reine des Neiges dans ce recueil d&rsquo;histoires ! 6 aventures in\u00e9dites d&rsquo;Elsa, Anna et tous leurs amis sont \u00e0 d\u00e9couvrir.<\/p>\n","protected":false},"featured_media":11069,"comment_status":"open","ping_status":"closed","template":"","meta":{"inline_featured_image":false},"product_cat":[3877,199],"product_tag":[],"class_list":{"0":"post-11068","1":"product","2":"type-product","3":"status-publish","4":"has-post-thumbnail","6":"product_cat-les-histoires-francais","7":"product_cat-histoires","9":"first","10":"instock","11":"shipping-taxable","12":"purchasable","13":"product-type-simple"},"_links":{"self":[{"href":"https:\/\/baralivres.ma\/index.php?rest_route=\/wp\/v2\/product\/11068","targetHints":{"allow":["GET"]}}],"collection":[{"href":"https:\/\/baralivres.ma\/index.php?rest_route=\/wp\/v2\/product"}],"about":[{"href":"https:\/\/baralivres.ma\/index.php?rest_route=\/wp\/v2\/types\/product"}],"replies":[{"embeddable":true,"href":"https:\/\/baralivres.ma\/index.php?rest_route=%2Fwp%2Fv2%2Fcomments&post=11068"}],"version-history":[{"count":1,"href":"https:\/\/baralivres.ma\/index.php?rest_route=\/wp\/v2\/product\/11068\/revisions"}],"predecessor-version":[{"id":11071,"href":"https:\/\/baralivres.ma\/index.php?rest_route=\/wp\/v2\/product\/11068\/revisions\/11071"}],"wp:featuredmedia":[{"embeddable":true,"href":"https:\/\/baralivres.ma\/index.php?rest_route=\/wp\/v2\/media\/11069"}],"wp:attachment":[{"href":"https:\/\/baralivres.ma\/index.php?rest_route=%2Fwp%2Fv2%2Fmedia&parent=11068"}],"wp:term":[{"taxonomy":"product_cat","embeddable":true,"href":"https:\/\/baralivres.ma\/index.php?rest_route=%2Fwp%2Fv2%2Fproduct_cat&post=11068"},{"taxonomy":"product_tag","embeddable":true,"href":"https:\/\/baralivres.ma\/index.php?rest_route=%2Fwp%2Fv2%2Fproduct_tag&post=11068"}],"curies":[{"name":"wp","href":"https:\/\/api.w.org\/{rel}","templated":true}]}}