{"id":11061,"date":"2023-08-29T15:04:12","date_gmt":"2023-08-29T14:04:12","guid":{"rendered":"https:\/\/baralivres.ma\/?post_type=product&#038;p=11061"},"modified":"2024-11-18T16:24:45","modified_gmt":"2024-11-18T15:24:45","slug":"la-reine-des-neiges-une-fete-givree-2","status":"publish","type":"product","link":"https:\/\/baralivres.ma\/?product=la-reine-des-neiges-une-fete-givree-2","title":{"rendered":"La Reine des Neiges &#8211; Une f\u00eate givr\u00e9e"},"content":{"rendered":"<p>C&rsquo;est bient\u00f4t l&rsquo;anniversaire d&rsquo;Anna ! Tous ses amis se r\u00e9unissent pour lui pr\u00e9parer une tr\u00e8s belle f\u00eate. Anna, Elsa, Kristoff, Olaf et Sven vont vivre de belles aventures pleines de surprises ! Retrouve dans ce bel album l&rsquo;histoire de La Reine des Neiges \u00ab\u00a0Une F\u00eate Givr\u00e9e\u00a0\u00bb ainsi que 2 histoires in\u00e9dites tir\u00e9es du court-m\u00e9trage : Une surprise pour Anna et Olaf et ses petits fr\u00e8res !<\/p>\n","protected":false},"excerpt":{"rendered":"<p>C&rsquo;est bient\u00f4t l&rsquo;anniversaire d&rsquo;Anna ! Tous ses amis se r\u00e9unissent pour lui pr\u00e9parer une tr\u00e8s belle f\u00eate. Anna, Elsa, Kristoff, Olaf et Sven vont vivre de belles aventures pleines de surprises ! Retrouve dans ce bel album l&rsquo;histoire de La Reine des Neiges \u00ab\u00a0Une F\u00eate Givr\u00e9e\u00a0\u00bb ainsi que 2 histoires in\u00e9dites tir\u00e9es du court-m\u00e9trage : Une surprise pour Anna et Olaf et ses petits fr\u00e8res !<\/p>\n","protected":false},"featured_media":11063,"comment_status":"open","ping_status":"closed","template":"","meta":{"inline_featured_image":false},"product_cat":[3877,199],"product_tag":[],"class_list":{"0":"post-11061","1":"product","2":"type-product","3":"status-publish","4":"has-post-thumbnail","6":"product_cat-les-histoires-francais","7":"product_cat-histoires","9":"first","10":"instock","11":"shipping-taxable","12":"purchasable","13":"product-type-simple"},"_links":{"self":[{"href":"https:\/\/baralivres.ma\/index.php?rest_route=\/wp\/v2\/product\/11061","targetHints":{"allow":["GET"]}}],"collection":[{"href":"https:\/\/baralivres.ma\/index.php?rest_route=\/wp\/v2\/product"}],"about":[{"href":"https:\/\/baralivres.ma\/index.php?rest_route=\/wp\/v2\/types\/product"}],"replies":[{"embeddable":true,"href":"https:\/\/baralivres.ma\/index.php?rest_route=%2Fwp%2Fv2%2Fcomments&post=11061"}],"version-history":[{"count":1,"href":"https:\/\/baralivres.ma\/index.php?rest_route=\/wp\/v2\/product\/11061\/revisions"}],"predecessor-version":[{"id":11064,"href":"https:\/\/baralivres.ma\/index.php?rest_route=\/wp\/v2\/product\/11061\/revisions\/11064"}],"wp:featuredmedia":[{"embeddable":true,"href":"https:\/\/baralivres.ma\/index.php?rest_route=\/wp\/v2\/media\/11063"}],"wp:attachment":[{"href":"https:\/\/baralivres.ma\/index.php?rest_route=%2Fwp%2Fv2%2Fmedia&parent=11061"}],"wp:term":[{"taxonomy":"product_cat","embeddable":true,"href":"https:\/\/baralivres.ma\/index.php?rest_route=%2Fwp%2Fv2%2Fproduct_cat&post=11061"},{"taxonomy":"product_tag","embeddable":true,"href":"https:\/\/baralivres.ma\/index.php?rest_route=%2Fwp%2Fv2%2Fproduct_tag&post=11061"}],"curies":[{"name":"wp","href":"https:\/\/api.w.org\/{rel}","templated":true}]}}