{"id":11060,"date":"2023-08-29T15:10:26","date_gmt":"2023-08-29T14:10:26","guid":{"rendered":"https:\/\/baralivres.ma\/?post_type=product&#038;p=11060"},"modified":"2024-11-06T18:32:46","modified_gmt":"2024-11-06T17:32:46","slug":"livre-jeux-les-pirates","status":"publish","type":"product","link":"https:\/\/baralivres.ma\/?product=livre-jeux-les-pirates","title":{"rendered":"LIVRE JEUX LES PIRATES"},"content":{"rendered":"<p>Une nouvelle collection de livres de jeux et activit\u00e9s tout en couleurs avec autocollants.<br \/>\nDes labyrinthes, des reconnaissances, des puzzles, des exercices de pr\u00e9-\u00e9criture et de calcul, des jeux, des portraits, des erreurs. le tout en quatre titres th\u00e9matiques. Avec plus de 50 autocollants par titre.<\/p>\n","protected":false},"excerpt":{"rendered":"<p>Amuse-toi avec ce beau livre d&rsquo;activit\u00e9s, de jeux et de coloriages. Et d\u00e9couvre vite les autocollants fantastiques !<\/p>\n","protected":false},"featured_media":11062,"comment_status":"open","ping_status":"closed","template":"","meta":{"inline_featured_image":false},"product_cat":[210,200],"product_tag":[],"class_list":{"0":"post-11060","1":"product","2":"type-product","3":"status-publish","4":"has-post-thumbnail","6":"product_cat-activites-bebe-enfant","7":"product_cat-activites","9":"first","10":"instock","11":"shipping-taxable","12":"purchasable","13":"product-type-simple"},"_links":{"self":[{"href":"https:\/\/baralivres.ma\/index.php?rest_route=\/wp\/v2\/product\/11060","targetHints":{"allow":["GET"]}}],"collection":[{"href":"https:\/\/baralivres.ma\/index.php?rest_route=\/wp\/v2\/product"}],"about":[{"href":"https:\/\/baralivres.ma\/index.php?rest_route=\/wp\/v2\/types\/product"}],"replies":[{"embeddable":true,"href":"https:\/\/baralivres.ma\/index.php?rest_route=%2Fwp%2Fv2%2Fcomments&post=11060"}],"version-history":[{"count":1,"href":"https:\/\/baralivres.ma\/index.php?rest_route=\/wp\/v2\/product\/11060\/revisions"}],"predecessor-version":[{"id":11070,"href":"https:\/\/baralivres.ma\/index.php?rest_route=\/wp\/v2\/product\/11060\/revisions\/11070"}],"wp:featuredmedia":[{"embeddable":true,"href":"https:\/\/baralivres.ma\/index.php?rest_route=\/wp\/v2\/media\/11062"}],"wp:attachment":[{"href":"https:\/\/baralivres.ma\/index.php?rest_route=%2Fwp%2Fv2%2Fmedia&parent=11060"}],"wp:term":[{"taxonomy":"product_cat","embeddable":true,"href":"https:\/\/baralivres.ma\/index.php?rest_route=%2Fwp%2Fv2%2Fproduct_cat&post=11060"},{"taxonomy":"product_tag","embeddable":true,"href":"https:\/\/baralivres.ma\/index.php?rest_route=%2Fwp%2Fv2%2Fproduct_tag&post=11060"}],"curies":[{"name":"wp","href":"https:\/\/api.w.org\/{rel}","templated":true}]}}